{"id":9977,"date":"2023-08-23T18:31:52","date_gmt":"2023-08-23T18:31:52","guid":{"rendered":"https:\/\/test.sunday.ma\/?post_type=product&#038;p=9977"},"modified":"2023-12-11T09:51:01","modified_gmt":"2023-12-11T09:51:01","slug":"ensemble-dustensiles-de-cuisine-en-silicone-19-pieces-rose","status":"publish","type":"product","link":"https:\/\/test.sunday.ma\/index.php\/product\/ensemble-dustensiles-de-cuisine-en-silicone-19-pieces-rose\/","title":{"rendered":"Ensemble d&#8217;ustensiles de cuisine en silicone 19 pieces Rose"},"content":{"rendered":"<p>Ustensiles de cuisine de qualit\u00e9 sup\u00e9rieure, en silicone de haute qualit\u00e9, silicone de qualit\u00e9 alimentaire, sans BPA, non toxique, sans mauvaise odeur; L\u00e9ger, la poign\u00e9e en bois \u00e9cologique de la batterie de cuisine peut emp\u00eacher la rouille et les br\u00fblures \u00e0 haute temp\u00e9rature. Ustensiles de cuisine en Silicone, ensemble d&#8217;ustensiles de cuisine avec support et poign\u00e9es en bois naturel rendent la cuisson plus s\u00fbre.<\/p>\n<p><span style=\"color: #ff0000;\"><strong>(STOCK LIMIT\u00c9)<\/strong><\/span><\/p>\n<p><img fetchpriority=\"high\" decoding=\"async\" class=\"alignnone size-medium wp-image-9975\" src=\"https:\/\/sunday.ma\/wp-content\/uploads\/2023\/08\/S8224daab9f4141c699336256224a4264v-300x300.jpg\" alt=\"\" width=\"300\" height=\"300\" \/><\/p>\n","protected":false},"excerpt":{"rendered":"<p>Ustensiles de cuisine de qualit\u00e9 sup\u00e9rieure, en silicone de haute qualit\u00e9, silicone de qualit\u00e9 alimentaire, sans BPA, non toxique, sans mauvaise odeur; L\u00e9ger, la poign\u00e9e en bois \u00e9cologique de la batterie de cuisine peut emp\u00eacher la rouille et les br\u00fblures \u00e0 haute temp\u00e9rature. Ustensiles de cuisine en Silicone, ensemble d&#8217;ustensiles de cuisine avec support et [&hellip;]<\/p>\n","protected":false},"featured_media":9978,"comment_status":"open","ping_status":"closed","template":"","meta":[],"product_cat":[81,88],"product_tag":[],"_links":{"self":[{"href":"https:\/\/test.sunday.ma\/index.php\/wp-json\/wp\/v2\/product\/9977"}],"collection":[{"href":"https:\/\/test.sunday.ma\/index.php\/wp-json\/wp\/v2\/product"}],"about":[{"href":"https:\/\/test.sunday.ma\/index.php\/wp-json\/wp\/v2\/types\/product"}],"replies":[{"embeddable":true,"href":"https:\/\/test.sunday.ma\/index.php\/wp-json\/wp\/v2\/comments?post=9977"}],"wp:featuredmedia":[{"embeddable":true,"href":"https:\/\/test.sunday.ma\/index.php\/wp-json\/wp\/v2\/media\/9978"}],"wp:attachment":[{"href":"https:\/\/test.sunday.ma\/index.php\/wp-json\/wp\/v2\/media?parent=9977"}],"wp:term":[{"taxonomy":"product_cat","embeddable":true,"href":"https:\/\/test.sunday.ma\/index.php\/wp-json\/wp\/v2\/product_cat?post=9977"},{"taxonomy":"product_tag","embeddable":true,"href":"https:\/\/test.sunday.ma\/index.php\/wp-json\/wp\/v2\/product_tag?post=9977"}],"curies":[{"name":"wp","href":"https:\/\/api.w.org\/{rel}","templated":true}]}}