{"id":9924,"date":"2023-08-18T00:20:28","date_gmt":"2023-08-18T00:20:28","guid":{"rendered":"https:\/\/test.sunday.ma\/?post_type=product&#038;p=9924"},"modified":"2023-12-11T09:50:58","modified_gmt":"2023-12-11T09:50:58","slug":"ensemble-dustensiles-de-cuisine-noir-en-silicone-avec-poignee-en-bois-elements-avec-boite-de-rangement-spatule-antiadhesive-accessoires-de-cuisine","status":"publish","type":"product","link":"https:\/\/test.sunday.ma\/index.php\/product\/ensemble-dustensiles-de-cuisine-noir-en-silicone-avec-poignee-en-bois-elements-avec-boite-de-rangement-spatule-antiadhesive-accessoires-de-cuisine\/","title":{"rendered":"Ensemble d&#8217;ustensiles de cuisine Noir en silicone avec poign\u00e9e en bois, \u00e9l\u00e9ments avec bo\u00eete de rangement, spatule antiadh\u00e9sive, accessoires de cuisine"},"content":{"rendered":"<p>Ustensiles de cuisine de qualit\u00e9 sup\u00e9rieure, en silicone de haute qualit\u00e9, silicone de qualit\u00e9 alimentaire, sans BPA, non toxique, sans mauvaise odeur; L\u00e9ger, la poign\u00e9e en bois \u00e9cologique de la batterie de cuisine peut emp\u00eacher la rouille et les br\u00fblures \u00e0 haute temp\u00e9rature. Ustensiles de cuisine en Silicone, ensemble d&#8217;ustensiles de cuisine avec support et poign\u00e9es en bois naturel rendent la cuisson plus s\u00fbre.<\/p>\n","protected":false},"excerpt":{"rendered":"<p>Ensemble d&#8217;ustensiles de cuisine en Silicone, spatule antiadh\u00e9sive, manche en bois, avec seau plat, accessoire<\/p>\n","protected":false},"featured_media":9925,"comment_status":"open","ping_status":"closed","template":"","meta":[],"product_cat":[128,81,88],"product_tag":[],"_links":{"self":[{"href":"https:\/\/test.sunday.ma\/index.php\/wp-json\/wp\/v2\/product\/9924"}],"collection":[{"href":"https:\/\/test.sunday.ma\/index.php\/wp-json\/wp\/v2\/product"}],"about":[{"href":"https:\/\/test.sunday.ma\/index.php\/wp-json\/wp\/v2\/types\/product"}],"replies":[{"embeddable":true,"href":"https:\/\/test.sunday.ma\/index.php\/wp-json\/wp\/v2\/comments?post=9924"}],"wp:featuredmedia":[{"embeddable":true,"href":"https:\/\/test.sunday.ma\/index.php\/wp-json\/wp\/v2\/media\/9925"}],"wp:attachment":[{"href":"https:\/\/test.sunday.ma\/index.php\/wp-json\/wp\/v2\/media?parent=9924"}],"wp:term":[{"taxonomy":"product_cat","embeddable":true,"href":"https:\/\/test.sunday.ma\/index.php\/wp-json\/wp\/v2\/product_cat?post=9924"},{"taxonomy":"product_tag","embeddable":true,"href":"https:\/\/test.sunday.ma\/index.php\/wp-json\/wp\/v2\/product_tag?post=9924"}],"curies":[{"name":"wp","href":"https:\/\/api.w.org\/{rel}","templated":true}]}}