{"id":9789,"date":"2023-07-30T20:41:59","date_gmt":"2023-07-30T20:41:59","guid":{"rendered":"https:\/\/test.sunday.ma\/?post_type=product&#038;p=9789"},"modified":"2023-12-11T09:50:57","modified_gmt":"2023-12-11T09:50:57","slug":"lisseur-a-la-vapeur-de-3-eme-genetration","status":"publish","type":"product","link":"https:\/\/test.sunday.ma\/index.php\/product\/lisseur-a-la-vapeur-de-3-eme-genetration\/","title":{"rendered":"Lisseur \u00e0 la vapeur de 3 \u00e8me g\u00e9n\u00e9tration"},"content":{"rendered":"<h2>Lisseur \u00e0 la vapeur SteamPod 3.0<\/h2>\n<p>Lanc\u00e9 en 2012, il est rapidement devenu l&#8217;outil de coiffure high-tech incontournable pour tout adepte de la beaut\u00e9 et a pris d&#8217;assaut le monde entier. Gr\u00e2ce \u00e0 cette technologie innovante et brevet\u00e9e qui utilise la combinaison et la puissance de la chaleur et de la vapeur pour lisser les cheveux.<\/p>\n<p>Toutes les femmes qui ont des cheveux difficiles \u00e0 coiffer ou qui veulent passer d&#8217;une coiffure lisse \u00e0 une coiffure ondul\u00e9e et inversement connaissent la solution: les outils chauffants. Mais le dilemme se pose: plus les r\u00e9sultats que vous voulez obtenir sont bons, plus l&#8217;effet sur vos cheveux est dommageable. Avec sa technologie unique, plus de 30 brevets et une gamme d\u00e9di\u00e9e de produits coiffants activ\u00e9s par la vapeur, Steampod atteint l&#8217;\u00e9quilibre parfait entre performance et soin pour rendre l&#8217;impossible possible: lissez vos cheveux sans les ab\u00eemer!<\/p>\n<h2><strong>Types de cheveux<\/strong><\/h2>\n<p>Tous les types de cheveux.<\/p>\n<h2><strong>Avantages<\/strong><\/h2>\n<ul>\n<li>Des r\u00e9sultats encore meilleurs, 2X plus rapide, 2X plus lisse qu&#8217;un fer plat traditionnel : le compagnon de beaut\u00e9 id\u00e9al pour un coiffage rapide et facile, m\u00eame pour les cheveux les plus difficiles \u00e0 coiffer. Une meilleure discipline, m\u00eame \u00e0 50 \u00b0C de moins: la vapeur d\u00e9m\u00eale la fibre capillaire avant de la lisser. 78 % de dommages en moins par rapport \u00e0 un fer plat traditionnel. Un fini naturel et sain : des cheveux doux, brillants et souples.<\/li>\n<li>R\u00e9servoir d&#8217;eau int\u00e9gr\u00e9 ; Le design du SteamPod a \u00e9t\u00e9 compl\u00e8tement revu: il est plus l\u00e9ger, plus mince et plus pratique \u00e0 utiliser. Le r\u00e9servoir d&#8217;eau est d\u00e9sormais enti\u00e8rement int\u00e9gr\u00e9 \u00e0 la poign\u00e9e. Sa conception plus compacte le rend tr\u00e8s facile \u00e0 transporter.<\/li>\n<li>Un design plus moderne ; Steampod et sa gamme de produits de soins capillaires (cr\u00e8me lissante pour les cheveux \u00e9pais, lait lissant pour les cheveux fins et s\u00e9rum protecteur pour une protection contre l&#8217;humidit\u00e9 pendant 24 heures pour tous les types de cheveux) ont \u00e9t\u00e9 repens\u00e9s avec un nouveau design haut de gamme qui se d\u00e9marque vraiment.<\/li>\n<li>Cordon rotatif ; Comme SteamPod 3.0 est d\u00e9sormais totalement polyvalent, cr\u00e9er des vagues n&#8217;a jamais \u00e9t\u00e9 aussi facile. SteamPod 3.0 est LA solution \u00e0 tous vos d\u00e9sirs de coiffure : Glass hair, S-Waves, 2-Wave, Blowdry effect, Hollywood Waves, ou m\u00eame une retouche rapide pour apporter du volume en racines pour un effet comme \u00e0 la sortie du salon.<\/li>\n<\/ul>\n<h2><strong>Mode d&#8217;emploi<\/strong><\/h2>\n<p>Lorsque vous utilisez le SteamPod, veillez \u00e0 ce que les fl\u00e8ches de l&#8217;outil soient toujours dirig\u00e9es vers la pointe de vos cheveux.<\/p>\n<p>Pour un look lisse, lissez vos cheveux par sections (plus la section est fine, plus le r\u00e9sultat est pr\u00e9cis). Prenez chaque petite m\u00e8che et d\u00e9placez lentement le lisseur vers le bas, de la racine \u00e0 la pointe. De cette fa\u00e7on, vous n&#8217;avez besoin de passer sur chaque section qu&#8217;une seule fois !<\/p>\n<p>Pour un look ondul\u00e9, toujours sectionner et pr\u00e9peigner vos cheveux. Pour des vagues naturelles, placez une fine m\u00e8che au milieu des plaques et enroulez-la autour de l&#8217;outil. Faites ensuite tourner l&#8217;outil en le faisant glisser lentement vers le bas. Une fois que vous avez termin\u00e9, laissez les vagues refroidir pendant quelques minutes avant de les secouer ou de les brosser. Selon que vos cheveux sont \u00e9pais ou fins, utilisez 1 \u00e0 2 gouttes de s\u00e9rum SteamPod sur vos doigts pour d\u00e9finir les vagues et les prot\u00e9ger de l&#8217;humidit\u00e9 pendant 24 heures.<\/p>\n<h2><strong>Le saviez-vous<\/strong><\/h2>\n<p>Class\u00e9 n\u00b01 des fers \u00e0 lisser sur le site fran\u00e7ais beaut\u00e9-test.com*. 50 000 demandes de recherche sur Google contre 20 000 pour une c\u00e9l\u00e8bre marque de t\u00e9l\u00e9phone intelligent.<\/p>\n<p>Gr\u00e2ce au r\u00e9servoir d&#8217;eau int\u00e9gr\u00e9, vous pouvez lisser jusqu&#8217;\u00e0 192 m\u00e8tres de cheveux sans avoir \u00e0 les remplir \u00e0 nouveau! C&#8217;est presque quatre fois la hauteur de l&#8217;Arc de Triomphe!<\/p>\n<p><img fetchpriority=\"high\" decoding=\"async\" class=\"alignnone size-medium wp-image-9793\" src=\"https:\/\/sunday.ma\/wp-content\/uploads\/2023\/07\/image5-300x300.webp\" alt=\"\" width=\"300\" height=\"300\" \/> <img decoding=\"async\" class=\"alignnone size-medium wp-image-9795\" src=\"https:\/\/sunday.ma\/wp-content\/uploads\/2023\/07\/image7-300x300.webp\" alt=\"\" width=\"300\" height=\"300\" \/> <img decoding=\"async\" class=\"alignnone size-medium wp-image-9791\" src=\"https:\/\/sunday.ma\/wp-content\/uploads\/2023\/07\/image-3-300x300.webp\" alt=\"\" width=\"300\" height=\"300\" \/> <img loading=\"lazy\" decoding=\"async\" class=\"alignnone size-medium wp-image-9796\" src=\"https:\/\/sunday.ma\/wp-content\/uploads\/2023\/07\/image-2-300x300.webp\" alt=\"\" width=\"300\" height=\"300\" \/><\/p>\n<p><iframe title=\"Comment Utiliser Steampod 3.0 par L&#039;Or\u00e9al Professionnel Canada\" width=\"1140\" height=\"641\" src=\"https:\/\/www.youtube.com\/embed\/QQscjM7txLI?feature=oembed\" frameborder=\"0\" allow=\"accelerometer; autoplay; clipboard-write; encrypted-media; gyroscope; picture-in-picture; web-share\" allowfullscreen><\/iframe><\/p>\n","protected":false},"excerpt":{"rendered":"<p>Le lisseur \u00e0 vapeur 3.0 vous permet de transformer instantan\u00e9ment vos cheveux gr\u00e2ce \u00e0 la vapeur : 2 fois plus rapide et plus doux, et 78% de dommages en moins. R\u00e9alisez des looks longue-tenue. R\u00e9sultat naturel et cheveux plus doux.<\/p>\n","protected":false},"featured_media":9790,"comment_status":"closed","ping_status":"closed","template":"","meta":[],"product_cat":[86],"product_tag":[],"_links":{"self":[{"href":"https:\/\/test.sunday.ma\/index.php\/wp-json\/wp\/v2\/product\/9789"}],"collection":[{"href":"https:\/\/test.sunday.ma\/index.php\/wp-json\/wp\/v2\/product"}],"about":[{"href":"https:\/\/test.sunday.ma\/index.php\/wp-json\/wp\/v2\/types\/product"}],"replies":[{"embeddable":true,"href":"https:\/\/test.sunday.ma\/index.php\/wp-json\/wp\/v2\/comments?post=9789"}],"wp:featuredmedia":[{"embeddable":true,"href":"https:\/\/test.sunday.ma\/index.php\/wp-json\/wp\/v2\/media\/9790"}],"wp:attachment":[{"href":"https:\/\/test.sunday.ma\/index.php\/wp-json\/wp\/v2\/media?parent=9789"}],"wp:term":[{"taxonomy":"product_cat","embeddable":true,"href":"https:\/\/test.sunday.ma\/index.php\/wp-json\/wp\/v2\/product_cat?post=9789"},{"taxonomy":"product_tag","embeddable":true,"href":"https:\/\/test.sunday.ma\/index.php\/wp-json\/wp\/v2\/product_tag?post=9789"}],"curies":[{"name":"wp","href":"https:\/\/api.w.org\/{rel}","templated":true}]}}