{"id":9598,"date":"2023-05-08T09:17:30","date_gmt":"2023-05-08T09:17:30","guid":{"rendered":"https:\/\/test.sunday.ma\/?post_type=product&#038;p=9598"},"modified":"2023-12-11T09:50:56","modified_gmt":"2023-12-11T09:50:56","slug":"portr-biscuits-2-etages","status":"publish","type":"product","link":"https:\/\/test.sunday.ma\/index.php\/product\/portr-biscuits-2-etages\/","title":{"rendered":"Bonbonni\u00e8re \u00e0 2 \u00c9tages en Verre &#8211; \u00c9l\u00e9gante et Pratique pour le Stockage de Friandises et de Collations"},"content":{"rendered":"<p><strong>Dimensions :<\/strong> Hauteur &#8211; 26 cm, Diam\u00e8tre de l&#8217;ouverture &#8211; 11,5 cm<\/p>\n<p>Optimisez le stockage de vos friandises avec cette \u00e9l\u00e9gante Bonbonni\u00e8re \u00e0 3 \u00c9tages en Verre. Parfaite pour organiser une vari\u00e9t\u00e9 de sucreries, collations, biscuits et autres d\u00e9lices, cette bonbonni\u00e8re offre non seulement une solution pratique de rangement, mais ajoute \u00e9galement une touche de sophistication \u00e0 votre d\u00e9cor.<\/p>\n<p>Chaque \u00e9tage en verre transparent permet de pr\u00e9senter visuellement vos articles, les mettant en valeur tout en facilitant l&#8217;acc\u00e8s pour les invit\u00e9s. La structure \u00e0 plusieurs \u00e9tages maximise l&#8217;espace de stockage tout en \u00e9conomisant de la place sur votre table ou votre comptoir.<\/p>\n<p>Fabriqu\u00e9e \u00e0 partir de verre de haute qualit\u00e9, cette bonbonni\u00e8re est \u00e0 la fois durable et facile \u00e0 nettoyer, ce qui en fait un accessoire pratique pour un usage quotidien. Que ce soit pour les f\u00eates, les \u00e9v\u00e9nements sp\u00e9ciaux ou simplement pour ajouter une touche de douceur \u00e0 votre routine quotidienne, cette bonbonni\u00e8re \u00e0 2 \u00e9tages en verre est un choix id\u00e9al.<\/p>\n","protected":false},"excerpt":{"rendered":"<blockquote>\n<div class=\"flex-1 overflow-hidden\">\n<div class=\"react-scroll-to-bottom--css-rcnfi-79elbk h-full dark:bg-gray-800\">\n<div class=\"react-scroll-to-bottom--css-rcnfi-1n7m0yu\">\n<div class=\"flex flex-col text-sm gizmo:pb-9 dark:bg-gray-800\">\n<div class=\"group w-full text-token-text-primary border-b border-black\/10 gizmo:border-0 dark:border-gray-900\/50 gizmo:dark:border-0 bg-gray-50 gizmo:bg-transparent dark:bg-[#444654] gizmo:dark:bg-transparent\" data-testid=\"conversation-turn-49\">\n<div class=\"p-4 gizmo:py-2 justify-center text-base md:gap-6 md:py-6 m-auto\">\n<div class=\"flex flex-1 gap-4 text-base mx-auto md:gap-6 gizmo:gap-3 gizmo:md:px-5 gizmo:lg:px-1 gizmo:xl:px-5 md:max-w-2xl lg:max-w-[38rem] gizmo:md:max-w-3xl gizmo:lg:max-w-[40rem] gizmo:xl:max-w-[48rem] xl:max-w-3xl }\">\n<div class=\"relative flex w-[calc(100%-50px)] flex-col gizmo:w-full lg:w-[calc(100%-115px)] agent-turn\">\n<div class=\"flex-col gap-1 md:gap-3\">\n<div class=\"flex flex-grow flex-col gap-3 max-w-full\">\n<div class=\"min-h-[20px] flex flex-col items-start gap-3 whitespace-pre-wrap break-words overflow-x-auto\">\n<div class=\"markdown prose w-full break-words dark:prose-invert light\">\n<p>Organisez et pr\u00e9sentez vos friandises avec style gr\u00e2ce \u00e0 cette bonbonni\u00e8re \u00e0 2 \u00e9tages en verre, offrant \u00e0 la fois fonctionnalit\u00e9 et esth\u00e9tique pour votre espace.<\/p>\n<\/div>\n<\/div>\n<\/div>\n<\/div>\n<\/div>\n<\/div>\n<\/div>\n<\/div>\n<\/div>\n<\/div>\n<\/div>\n<\/div>\n<\/blockquote>\n","protected":false},"featured_media":9599,"comment_status":"open","ping_status":"closed","template":"","meta":[],"product_cat":[124],"product_tag":[],"_links":{"self":[{"href":"https:\/\/test.sunday.ma\/index.php\/wp-json\/wp\/v2\/product\/9598"}],"collection":[{"href":"https:\/\/test.sunday.ma\/index.php\/wp-json\/wp\/v2\/product"}],"about":[{"href":"https:\/\/test.sunday.ma\/index.php\/wp-json\/wp\/v2\/types\/product"}],"replies":[{"embeddable":true,"href":"https:\/\/test.sunday.ma\/index.php\/wp-json\/wp\/v2\/comments?post=9598"}],"wp:featuredmedia":[{"embeddable":true,"href":"https:\/\/test.sunday.ma\/index.php\/wp-json\/wp\/v2\/media\/9599"}],"wp:attachment":[{"href":"https:\/\/test.sunday.ma\/index.php\/wp-json\/wp\/v2\/media?parent=9598"}],"wp:term":[{"taxonomy":"product_cat","embeddable":true,"href":"https:\/\/test.sunday.ma\/index.php\/wp-json\/wp\/v2\/product_cat?post=9598"},{"taxonomy":"product_tag","embeddable":true,"href":"https:\/\/test.sunday.ma\/index.php\/wp-json\/wp\/v2\/product_tag?post=9598"}],"curies":[{"name":"wp","href":"https:\/\/api.w.org\/{rel}","templated":true}]}}