{"id":9567,"date":"2023-04-30T11:58:46","date_gmt":"2023-04-30T11:58:46","guid":{"rendered":"https:\/\/test.sunday.ma\/?post_type=product&#038;p=9567"},"modified":"2023-12-11T09:50:55","modified_gmt":"2023-12-11T09:50:55","slug":"bonbonnieres-en-verre-a-3-etages-avec-couvercle-en-verre","status":"publish","type":"product","link":"https:\/\/test.sunday.ma\/index.php\/product\/bonbonnieres-en-verre-a-3-etages-avec-couvercle-en-verre\/","title":{"rendered":"Bonbonni\u00e8res en verre \u00e0 3 \u00e9tages avec couvercle en verre"},"content":{"rendered":"<p>Mini pr\u00e9sentoir \u00e0 p\u00e2tisserie 3 parties d\u00e9coratif et fonctionnel avec cloche. Id\u00e9al pour pr\u00e9senter et conserver vos p\u00e2tisseries, fromages, bonbons et desserts raffin\u00e9 et gourmet etc<\/p>\n<p><img decoding=\"async\" class=\"alignnone size-medium wp-image-9568\" src=\"https:\/\/sunday.ma\/wp-content\/uploads\/2023\/04\/bonbonniere-152x300.jpg\" alt=\"\" width=\"152\" height=\"300\" \/><\/p>\n","protected":false},"excerpt":{"rendered":"<ul class=\"a-unordered-list a-vertical a-spacing-mini\">\n<li><span class=\"a-list-item\">Bonbonni\u00e8re d\u00e9corative r\u00e9tro avec\u00a0 3 \u00e9tages<\/span><\/li>\n<li>parfait pour le stockage de diff\u00e9rentes confiseries \u00e0 diff\u00e9rents niveaux, c&#8217;est-\u00e0-dire bonbons, chocolats, bonbons, sucettes, guimauves, haricots g\u00e9latin\u00e9s, oursons g\u00e9latin\u00e9s, pics et m\u00e9langes, caramel et plus encore.<\/li>\n<li><span class=\"a-list-item\">Pr\u00e9sentoir en verre transparent pour faire plaisir \u00e0 la d\u00e9gustation<\/span><\/li>\n<li><span class=\"a-list-item\">Verre borosilicate dur et super transparent avec couvercle herm\u00e9tique<\/span><\/li>\n<\/ul>\n","protected":false},"featured_media":9568,"comment_status":"open","ping_status":"closed","template":"","meta":[],"product_cat":[124],"product_tag":[],"_links":{"self":[{"href":"https:\/\/test.sunday.ma\/index.php\/wp-json\/wp\/v2\/product\/9567"}],"collection":[{"href":"https:\/\/test.sunday.ma\/index.php\/wp-json\/wp\/v2\/product"}],"about":[{"href":"https:\/\/test.sunday.ma\/index.php\/wp-json\/wp\/v2\/types\/product"}],"replies":[{"embeddable":true,"href":"https:\/\/test.sunday.ma\/index.php\/wp-json\/wp\/v2\/comments?post=9567"}],"wp:featuredmedia":[{"embeddable":true,"href":"https:\/\/test.sunday.ma\/index.php\/wp-json\/wp\/v2\/media\/9568"}],"wp:attachment":[{"href":"https:\/\/test.sunday.ma\/index.php\/wp-json\/wp\/v2\/media?parent=9567"}],"wp:term":[{"taxonomy":"product_cat","embeddable":true,"href":"https:\/\/test.sunday.ma\/index.php\/wp-json\/wp\/v2\/product_cat?post=9567"},{"taxonomy":"product_tag","embeddable":true,"href":"https:\/\/test.sunday.ma\/index.php\/wp-json\/wp\/v2\/product_tag?post=9567"}],"curies":[{"name":"wp","href":"https:\/\/api.w.org\/{rel}","templated":true}]}}