{"id":9560,"date":"2023-04-29T18:58:11","date_gmt":"2023-04-29T18:58:11","guid":{"rendered":"https:\/\/test.sunday.ma\/?post_type=product&#038;p=9560"},"modified":"2023-12-11T09:50:55","modified_gmt":"2023-12-11T09:50:55","slug":"lot-de-6-cloches-de-tables","status":"publish","type":"product","link":"https:\/\/test.sunday.ma\/index.php\/product\/lot-de-6-cloches-de-tables\/","title":{"rendered":"Lot de 6 cloches de tables"},"content":{"rendered":"<p>Les cloches de tables en verre pour confiture, beurre et bonbons sont \u00e9galement esth\u00e9tiquement agr\u00e9ables. Elles peuvent ajouter une touche de sophistication \u00e0 n&#8217;importe quelle table, que ce soit pour un petit-d\u00e9jeuner en famille, un d\u00e9jeuner entre amis ou un d\u00eener formel.<\/p>\n<p>En plus de leur fonctionnalit\u00e9 et de leur esth\u00e9tique, ces cloches sont faciles \u00e0 nettoyer et \u00e0 entretenir. Elles peuvent \u00eatre lav\u00e9es \u00e0 la main avec de l&#8217;eau savonneuse chaude et un chiffon doux, puis s\u00e9ch\u00e9es soigneusement pour \u00e9viter les traces d&#8217;eau.<\/p>\n","protected":false},"excerpt":{"rendered":"<ul class=\"a-unordered-list a-vertical a-spacing-mini\">\n<li>Ces cloches sont con\u00e7ues pour couvrir les plats et les assiettes de confitures, de beurre ou de bonbons, tout en les pr\u00e9servant de la poussi\u00e8re et des insectes.<\/li>\n<\/ul>\n","protected":false},"featured_media":9561,"comment_status":"open","ping_status":"closed","template":"","meta":[],"product_cat":[124],"product_tag":[],"_links":{"self":[{"href":"https:\/\/test.sunday.ma\/index.php\/wp-json\/wp\/v2\/product\/9560"}],"collection":[{"href":"https:\/\/test.sunday.ma\/index.php\/wp-json\/wp\/v2\/product"}],"about":[{"href":"https:\/\/test.sunday.ma\/index.php\/wp-json\/wp\/v2\/types\/product"}],"replies":[{"embeddable":true,"href":"https:\/\/test.sunday.ma\/index.php\/wp-json\/wp\/v2\/comments?post=9560"}],"wp:featuredmedia":[{"embeddable":true,"href":"https:\/\/test.sunday.ma\/index.php\/wp-json\/wp\/v2\/media\/9561"}],"wp:attachment":[{"href":"https:\/\/test.sunday.ma\/index.php\/wp-json\/wp\/v2\/media?parent=9560"}],"wp:term":[{"taxonomy":"product_cat","embeddable":true,"href":"https:\/\/test.sunday.ma\/index.php\/wp-json\/wp\/v2\/product_cat?post=9560"},{"taxonomy":"product_tag","embeddable":true,"href":"https:\/\/test.sunday.ma\/index.php\/wp-json\/wp\/v2\/product_tag?post=9560"}],"curies":[{"name":"wp","href":"https:\/\/api.w.org\/{rel}","templated":true}]}}