{"id":9473,"date":"2023-03-26T18:19:49","date_gmt":"2023-03-26T18:19:49","guid":{"rendered":"https:\/\/test.sunday.ma\/?post_type=product&#038;p=9473"},"modified":"2023-12-11T09:50:54","modified_gmt":"2023-12-11T09:50:54","slug":"presentoir-gateau-biscuits-en-ceramique-2-etages-noir","status":"publish","type":"product","link":"https:\/\/test.sunday.ma\/index.php\/product\/presentoir-gateau-biscuits-en-ceramique-2-etages-noir\/","title":{"rendered":"Pr\u00e9sentoir g\u00e2teau, biscuits en c\u00e9ramique 2 \u00e9tages NOIR"},"content":{"rendered":"<pre>DIMENSIONS DU PRODUIT BISCUIT EN PORCELAINE \u00c0 2 NIVEAU : \r\nDIAM\u00c8TRE INF\u00c9RIEUR : 25,5 CM \r\nDIAM\u00c8TRE SUP\u00c9RIEUR : 19 CM \r\nUN PRODUIT EXTR\u00caMEMENT MAGNIFIQUE POUR VOTRE PR\u00c9SENTATION\r\n PEUT \u00caTRE UTILIS\u00c9 DANS DES PRODUITS COMME DES BONBONS, DES BISCUITS, ETC.<\/pre>\n","protected":false},"excerpt":{"rendered":"<p>DIMENSIONS DU PRODUIT BISCUIT EN PORCELAINE \u00c0 2 NIVEAU : DIAM\u00c8TRE INF\u00c9RIEUR : 25,5 CM DIAM\u00c8TRE SUP\u00c9RIEUR : 19 CM UN PRODUIT EXTR\u00caMEMENT MAGNIFIQUE POUR VOTRE PR\u00c9SENTATION PEUT \u00caTRE UTILIS\u00c9 DANS DES PRODUITS COMME DES BONBONS, DES BISCUITS, ETC.<\/p>\n","protected":false},"featured_media":9474,"comment_status":"open","ping_status":"closed","template":"","meta":[],"product_cat":[127],"product_tag":[],"_links":{"self":[{"href":"https:\/\/test.sunday.ma\/index.php\/wp-json\/wp\/v2\/product\/9473"}],"collection":[{"href":"https:\/\/test.sunday.ma\/index.php\/wp-json\/wp\/v2\/product"}],"about":[{"href":"https:\/\/test.sunday.ma\/index.php\/wp-json\/wp\/v2\/types\/product"}],"replies":[{"embeddable":true,"href":"https:\/\/test.sunday.ma\/index.php\/wp-json\/wp\/v2\/comments?post=9473"}],"wp:featuredmedia":[{"embeddable":true,"href":"https:\/\/test.sunday.ma\/index.php\/wp-json\/wp\/v2\/media\/9474"}],"wp:attachment":[{"href":"https:\/\/test.sunday.ma\/index.php\/wp-json\/wp\/v2\/media?parent=9473"}],"wp:term":[{"taxonomy":"product_cat","embeddable":true,"href":"https:\/\/test.sunday.ma\/index.php\/wp-json\/wp\/v2\/product_cat?post=9473"},{"taxonomy":"product_tag","embeddable":true,"href":"https:\/\/test.sunday.ma\/index.php\/wp-json\/wp\/v2\/product_tag?post=9473"}],"curies":[{"name":"wp","href":"https:\/\/api.w.org\/{rel}","templated":true}]}}