{"id":9315,"date":"2023-03-05T14:36:33","date_gmt":"2023-03-05T14:36:33","guid":{"rendered":"https:\/\/test.sunday.ma\/?post_type=product&#038;p=9315"},"modified":"2024-04-28T23:47:25","modified_gmt":"2024-04-28T22:47:25","slug":"sauciere-en-porcelaine-blanche-400-ml","status":"publish","type":"product","link":"https:\/\/test.sunday.ma\/index.php\/product\/sauciere-en-porcelaine-blanche-400-ml\/","title":{"rendered":"Sauciere en porcelaine blanche 400 ml"},"content":{"rendered":"<div class=\"flex-1 overflow-hidden\">\n<div class=\"react-scroll-to-bottom--css-xyyvq-79elbk h-full dark:bg-gray-800\">\n<div class=\"react-scroll-to-bottom--css-xyyvq-1n7m0yu\">\n<div class=\"flex flex-col items-center text-sm dark:bg-gray-800\">\n<div class=\"w-full h-32 md:h-48 flex-shrink-0\">\n<div class=\"w-full border-b border-black\/10 dark:border-gray-900\/50 text-gray-800 dark:text-gray-100 group bg-gray-50 dark:bg-[#444654]\">\n<div class=\"text-base gap-4 md:gap-6 m-auto md:max-w-2xl lg:max-w-2xl xl:max-w-3xl p-4 md:py-6 flex lg:px-0\">\n<div class=\"relative flex w-[calc(100%-50px)] flex-col gap-1 md:gap-3 lg:w-[calc(100%-115px)]\">\n<div class=\"flex flex-grow flex-col gap-3\">\n<div class=\"min-h-[20px] flex flex-col items-start gap-4 whitespace-pre-wrap\">\n<div class=\"markdown prose w-full break-words dark:prose-invert light\">\n<p>Sauci\u00e8re en porcelaine pour servir des sauces chaudes ou froides lors des repas. Fabriqu\u00e9es en porcelaine, ces sauci\u00e8res sont appr\u00e9ci\u00e9es pour leur \u00e9l\u00e9gance et leur durabilit\u00e9. La porcelaine est un mat\u00e9riau de qualit\u00e9 sup\u00e9rieure qui r\u00e9siste bien aux rayures et \u00e0 la chaleur, ce qui en fait un choix populaire pour les produits de cuisine.<\/p>\n<p>Les sauci\u00e8res en porcelaine sont souvent utilis\u00e9es lors de d\u00eeners formels ou de grandes occasions, mais elles peuvent \u00e9galement \u00eatre utilis\u00e9es pour les repas quotidiens \u00e0 la maison. Elles peuvent \u00eatre assorties \u00e0 d&#8217;autres articles de vaisselle en porcelaine pour cr\u00e9er un ensemble harmonieux sur la table.<\/p>\n<p>Cette sauci\u00e8re en porcelaine est un \u00e9l\u00e9ment essentiel de toute collection de vaisselle de qualit\u00e9. Fabriqu\u00e9e \u00e0 partir d&#8217;un mat\u00e9riau durable et \u00e9l\u00e9gant, elle est parfaite pour servir des sauces chaudes ou froides lors de repas formels ou d\u00e9contract\u00e9s \u00e0 la maison.<\/p>\n<\/div>\n<\/div>\n<\/div>\n<div class=\"flex justify-between\">\n<div class=\"text-gray-400 flex self-end lg:self-center justify-center mt-2 gap-3 md:gap-4 lg:gap-1 lg:absolute lg:top-0 lg:translate-x-full lg:right-0 lg:mt-0 lg:pl-2 visible\"><\/div>\n<\/div>\n<\/div>\n<\/div>\n<\/div>\n<\/div>\n<\/div>\n<\/div>\n<\/div>\n<\/div>\n","protected":false},"excerpt":{"rendered":"<p>Sauci\u00e8re en porcelaine pour servir des sauces chaudes ou froides lors des repas. Fabriqu\u00e9es en porcelaine, ces sauci\u00e8res sont appr\u00e9ci\u00e9es pour leur \u00e9l\u00e9gance et leur durabilit\u00e9. La porcelaine est un mat\u00e9riau de qualit\u00e9 sup\u00e9rieure qui r\u00e9siste bien aux rayures et \u00e0 la chaleur, ce qui en fait un choix populaire pour les produits de cuisine. [&hellip;]<\/p>\n","protected":false},"featured_media":9316,"comment_status":"open","ping_status":"closed","template":"","meta":[],"product_cat":[94,121],"product_tag":[],"_links":{"self":[{"href":"https:\/\/test.sunday.ma\/index.php\/wp-json\/wp\/v2\/product\/9315"}],"collection":[{"href":"https:\/\/test.sunday.ma\/index.php\/wp-json\/wp\/v2\/product"}],"about":[{"href":"https:\/\/test.sunday.ma\/index.php\/wp-json\/wp\/v2\/types\/product"}],"replies":[{"embeddable":true,"href":"https:\/\/test.sunday.ma\/index.php\/wp-json\/wp\/v2\/comments?post=9315"}],"wp:featuredmedia":[{"embeddable":true,"href":"https:\/\/test.sunday.ma\/index.php\/wp-json\/wp\/v2\/media\/9316"}],"wp:attachment":[{"href":"https:\/\/test.sunday.ma\/index.php\/wp-json\/wp\/v2\/media?parent=9315"}],"wp:term":[{"taxonomy":"product_cat","embeddable":true,"href":"https:\/\/test.sunday.ma\/index.php\/wp-json\/wp\/v2\/product_cat?post=9315"},{"taxonomy":"product_tag","embeddable":true,"href":"https:\/\/test.sunday.ma\/index.php\/wp-json\/wp\/v2\/product_tag?post=9315"}],"curies":[{"name":"wp","href":"https:\/\/api.w.org\/{rel}","templated":true}]}}