{"id":9313,"date":"2023-03-05T14:08:32","date_gmt":"2023-03-05T14:08:32","guid":{"rendered":"https:\/\/test.sunday.ma\/?post_type=product&#038;p=9313"},"modified":"2023-12-11T09:50:52","modified_gmt":"2023-12-11T09:50:52","slug":"2-tasse-double-paroi-2-sous-tasse-offerts","status":"publish","type":"product","link":"https:\/\/test.sunday.ma\/index.php\/product\/2-tasse-double-paroi-2-sous-tasse-offerts\/","title":{"rendered":"2 Tasse double paroi + 2 sous tasse offerts"},"content":{"rendered":"","protected":false},"excerpt":{"rendered":"<p>2 Tasse \u00e0 caf\u00e9 ou th\u00e9 en verre , avec 2 sous tasse en verre gratuitd<\/p>\n<p>D\u00e9couvrez notre s\u00e9lection de verre double paroi \ud83d\udc99 et d\u00e9gustez votre boisson pr\u00e9f\u00e9r\u00e9e dans l&#8217;un de ces verres double paroi. Ils vous permettent d&#8217;appr\u00e9cier votre caf\u00e9 ou th\u00e9, visuellement tout en le gardant au chaud.<\/p>\n<p>&nbsp;<\/p>\n","protected":false},"featured_media":9314,"comment_status":"open","ping_status":"closed","template":"","meta":[],"product_cat":[106,120],"product_tag":[],"_links":{"self":[{"href":"https:\/\/test.sunday.ma\/index.php\/wp-json\/wp\/v2\/product\/9313"}],"collection":[{"href":"https:\/\/test.sunday.ma\/index.php\/wp-json\/wp\/v2\/product"}],"about":[{"href":"https:\/\/test.sunday.ma\/index.php\/wp-json\/wp\/v2\/types\/product"}],"replies":[{"embeddable":true,"href":"https:\/\/test.sunday.ma\/index.php\/wp-json\/wp\/v2\/comments?post=9313"}],"wp:featuredmedia":[{"embeddable":true,"href":"https:\/\/test.sunday.ma\/index.php\/wp-json\/wp\/v2\/media\/9314"}],"wp:attachment":[{"href":"https:\/\/test.sunday.ma\/index.php\/wp-json\/wp\/v2\/media?parent=9313"}],"wp:term":[{"taxonomy":"product_cat","embeddable":true,"href":"https:\/\/test.sunday.ma\/index.php\/wp-json\/wp\/v2\/product_cat?post=9313"},{"taxonomy":"product_tag","embeddable":true,"href":"https:\/\/test.sunday.ma\/index.php\/wp-json\/wp\/v2\/product_tag?post=9313"}],"curies":[{"name":"wp","href":"https:\/\/api.w.org\/{rel}","templated":true}]}}