{"id":9020,"date":"2023-02-17T18:36:40","date_gmt":"2023-02-17T18:36:40","guid":{"rendered":"https:\/\/test.sunday.ma\/?post_type=product&#038;p=9020"},"modified":"2023-12-11T09:50:50","modified_gmt":"2023-12-11T09:50:50","slug":"lot-4-bocaux-verre-couvercle-hermetique-bambou-conservation-1-pot-70ml-gratuits","status":"publish","type":"product","link":"https:\/\/test.sunday.ma\/index.php\/product\/lot-4-bocaux-verre-couvercle-hermetique-bambou-conservation-1-pot-70ml-gratuits\/","title":{"rendered":"Lot 4 Bocaux Verre Couvercle Herm\u00e9tique Bambou Conservation + 1 pot 70ml Gratuits"},"content":{"rendered":"<ul>\n<li><span class=\"-b\">Poids (kg)<\/span>: 1<\/li>\n<li>Mat\u00e9riau: verre<\/li>\n<li><span class=\"-b\">Couleur<\/span>: Transparent<\/li>\n<li>Caract\u00e9ristiques: avec couvercle<\/li>\n<li>capacit\u00e9: 1300 ml\/750ml\/450ml\/350ml<\/li>\n<li class=\"-pvxs\"><span class=\"-b\">Talle (Longueur x Largeur x Hauteur cm)<\/span>: 12.00 x 10.00 x 10.00)<\/li>\n<\/ul>\n","protected":false},"excerpt":{"rendered":"<p>\u2705 <strong>CONSERVEZ LA NOURRITURE AVEC \u00c9L\u00c9GANCE<\/strong> : D\u00e9sencombrer votre cuisine avec notre magnifique organisateur en verre. Son couvercle en bambou et son verre transparent sont parfaits pour les cuisines modernes ou rustiques.<\/p>\n<p>\u2705 <strong>UNE ORGANISATION COMPL\u00c8TE DE LA CUISINE<\/strong> :Ranger votre cuisine avec notre coffret de 4 organisateurs en verre sans bisph\u00e9nol A. Chaque bocal a une taille diff\u00e9rente, permettant de conserver diff\u00e9rentes tailles d\u2019aliments, des bonbons jusqu\u2019aux spaghettis.<\/p>\n<p><span style=\"color: #ff0000;\">Si vous avez re\u00e7u les bouteilles cass\u00e9es, nous offrons un remboursement complet ou un nouvel envoi.<\/span><\/p>\n","protected":false},"featured_media":9021,"comment_status":"open","ping_status":"closed","template":"","meta":[],"product_cat":[89,94],"product_tag":[],"_links":{"self":[{"href":"https:\/\/test.sunday.ma\/index.php\/wp-json\/wp\/v2\/product\/9020"}],"collection":[{"href":"https:\/\/test.sunday.ma\/index.php\/wp-json\/wp\/v2\/product"}],"about":[{"href":"https:\/\/test.sunday.ma\/index.php\/wp-json\/wp\/v2\/types\/product"}],"replies":[{"embeddable":true,"href":"https:\/\/test.sunday.ma\/index.php\/wp-json\/wp\/v2\/comments?post=9020"}],"wp:featuredmedia":[{"embeddable":true,"href":"https:\/\/test.sunday.ma\/index.php\/wp-json\/wp\/v2\/media\/9021"}],"wp:attachment":[{"href":"https:\/\/test.sunday.ma\/index.php\/wp-json\/wp\/v2\/media?parent=9020"}],"wp:term":[{"taxonomy":"product_cat","embeddable":true,"href":"https:\/\/test.sunday.ma\/index.php\/wp-json\/wp\/v2\/product_cat?post=9020"},{"taxonomy":"product_tag","embeddable":true,"href":"https:\/\/test.sunday.ma\/index.php\/wp-json\/wp\/v2\/product_tag?post=9020"}],"curies":[{"name":"wp","href":"https:\/\/api.w.org\/{rel}","templated":true}]}}