{"id":8615,"date":"2023-01-06T19:23:37","date_gmt":"2023-01-06T19:23:37","guid":{"rendered":"https:\/\/test.sunday.ma\/?post_type=product&#038;p=8615"},"modified":"2023-12-11T09:50:48","modified_gmt":"2023-12-11T09:50:48","slug":"coupe-dessert-4-etages-en-verre-avec-stickers-et-couvercle","status":"publish","type":"product","link":"https:\/\/test.sunday.ma\/index.php\/product\/coupe-dessert-4-etages-en-verre-avec-stickers-et-couvercle\/","title":{"rendered":"Coupe dessert 4 \u00e9tages en verre avec stickers et couvercle"},"content":{"rendered":"<ul>\n<li><strong>Fabriqu\u00e9e en \u00a0verre ,avec couvercle parfaitement sculpt\u00e9\u00a0<\/strong><\/li>\n<li><strong>Id\u00e9al pour servir dattes ,bonbon, petits\u00a0g\u00e2teau etc.<\/strong><\/li>\n<li><strong>D\u00e9coration (Salon, cuisine,etc. )\u00a0<\/strong><\/li>\n<li><strong><span class=\"-b\">Mati\u00e8re principale<\/span>: verre<\/strong><\/li>\n<li><strong><span class=\"-b\">Couleur<\/span>: transparent<\/strong><\/li>\n<li><strong>Tr\u00e8s bonne finition\u00a0<\/strong><\/li>\n<\/ul>\n","protected":false},"excerpt":{"rendered":"<p>Cette pi\u00e8ce serait parfaite dans n&#8217;importe quelle maison. Utilisez-le comme sucrier, pot de bonbons, pot de fruits sec ou tout simplement comme pi\u00e8ce d\u00e9corative en verre. Il s&#8217;ouvre gr\u00e2ce \u00e0 son couvercle en bois rond avec un contour en silicone qui facilite l\u2019ouverture, form\u00e9 de 4 \u00e9tages simple , ainsi, elle pourra servir pour toute utilisation quelque soit d\u00e9coration,service,cadeau,et n&#8217;oubliez pas que Le verre est\u00a0 tr\u00e8s efficace pour garder l&#8217;oxyg\u00e8ne et d&#8217;autres gaz hors du contenu, la protection contre la corrosion et la capacit\u00e9 de r\u00e9sistance Il va s\u00fbrement vous garantir une ambiance traditionnelle et 100 % marocaine, Bon rapport prix qualit\u00e9 .<\/p>\n<p><span style=\"color: #ff6600;\">Merci de votre visite et n&#8217;oubliez pas d&#8217;\u00e9valuer nos produits(pas obligatoire mais c&#8217;est appr\u00e9ci\u00e9 !)<\/span><\/p>\n","protected":false},"featured_media":8616,"comment_status":"open","ping_status":"closed","template":"","meta":[],"product_cat":[124,119],"product_tag":[],"_links":{"self":[{"href":"https:\/\/test.sunday.ma\/index.php\/wp-json\/wp\/v2\/product\/8615"}],"collection":[{"href":"https:\/\/test.sunday.ma\/index.php\/wp-json\/wp\/v2\/product"}],"about":[{"href":"https:\/\/test.sunday.ma\/index.php\/wp-json\/wp\/v2\/types\/product"}],"replies":[{"embeddable":true,"href":"https:\/\/test.sunday.ma\/index.php\/wp-json\/wp\/v2\/comments?post=8615"}],"wp:featuredmedia":[{"embeddable":true,"href":"https:\/\/test.sunday.ma\/index.php\/wp-json\/wp\/v2\/media\/8616"}],"wp:attachment":[{"href":"https:\/\/test.sunday.ma\/index.php\/wp-json\/wp\/v2\/media?parent=8615"}],"wp:term":[{"taxonomy":"product_cat","embeddable":true,"href":"https:\/\/test.sunday.ma\/index.php\/wp-json\/wp\/v2\/product_cat?post=8615"},{"taxonomy":"product_tag","embeddable":true,"href":"https:\/\/test.sunday.ma\/index.php\/wp-json\/wp\/v2\/product_tag?post=8615"}],"curies":[{"name":"wp","href":"https:\/\/api.w.org\/{rel}","templated":true}]}}