{"id":8610,"date":"2023-01-06T14:43:53","date_gmt":"2023-01-06T14:43:53","guid":{"rendered":"https:\/\/test.sunday.ma\/?post_type=product&#038;p=8610"},"modified":"2023-12-11T09:50:48","modified_gmt":"2023-12-11T09:50:48","slug":"bouteille-2-en-1-vinaigre-huile","status":"publish","type":"product","link":"https:\/\/test.sunday.ma\/index.php\/product\/bouteille-2-en-1-vinaigre-huile\/","title":{"rendered":"bouteille 2 en 1 vinaigre et huile avec bouchons"},"content":{"rendered":"<p><span data-spm-anchor-id=\"a2g0o.detail.1000023.i1.35aadChBdChBHN\">Cette bouteille est parfaite pour tout type de cuisine. elle est fabriqu\u00e9e avec du verre souffl\u00e9 \u00e0 la main et est parfaite pour l&#8217;huile et le vinaigre. Bien qu&#8217;elle ait une touche moderne, elle convient avec n&#8217;importe quelle d\u00e9coration et n&#8217;importe quel repas. Cela rend le stockage de l&#8217;huile et du vinaigre \u00e0 la mode.<\/span><\/p>\n<p>Caract\u00e9ristiques<\/p>\n<p>Livr\u00e9 avec des bouchons en li\u00e8ge<\/p>\n<p>Parfait pour l&#8217;huile ou le vinaigre<\/p>\n<p>Conteneur tr\u00e8s moderne<\/p>\n<p>Couleur: transparent<\/p>\n<p data-spm-anchor-id=\"a2g0o.detail.1000023.i0.35aadChBdChBHN\">Mat\u00e9riau: Verre<\/p>\n","protected":false},"excerpt":{"rendered":"<p>Rangez facilement cet ensemble d&#8217;huile et de vinaigre en verre 2 en 1 pour \u00e9conomiser de l&#8217;espace r\u00e9sistant<\/p>\n","protected":false},"featured_media":8611,"comment_status":"open","ping_status":"closed","template":"","meta":[],"product_cat":[114,89,81],"product_tag":[],"_links":{"self":[{"href":"https:\/\/test.sunday.ma\/index.php\/wp-json\/wp\/v2\/product\/8610"}],"collection":[{"href":"https:\/\/test.sunday.ma\/index.php\/wp-json\/wp\/v2\/product"}],"about":[{"href":"https:\/\/test.sunday.ma\/index.php\/wp-json\/wp\/v2\/types\/product"}],"replies":[{"embeddable":true,"href":"https:\/\/test.sunday.ma\/index.php\/wp-json\/wp\/v2\/comments?post=8610"}],"wp:featuredmedia":[{"embeddable":true,"href":"https:\/\/test.sunday.ma\/index.php\/wp-json\/wp\/v2\/media\/8611"}],"wp:attachment":[{"href":"https:\/\/test.sunday.ma\/index.php\/wp-json\/wp\/v2\/media?parent=8610"}],"wp:term":[{"taxonomy":"product_cat","embeddable":true,"href":"https:\/\/test.sunday.ma\/index.php\/wp-json\/wp\/v2\/product_cat?post=8610"},{"taxonomy":"product_tag","embeddable":true,"href":"https:\/\/test.sunday.ma\/index.php\/wp-json\/wp\/v2\/product_tag?post=8610"}],"curies":[{"name":"wp","href":"https:\/\/api.w.org\/{rel}","templated":true}]}}