{"id":8453,"date":"2022-11-16T14:20:52","date_gmt":"2022-11-16T14:20:52","guid":{"rendered":"https:\/\/test.sunday.ma\/?post_type=product&#038;p=8453"},"modified":"2023-12-11T09:50:47","modified_gmt":"2023-12-11T09:50:47","slug":"mousseur-a-lait","status":"publish","type":"product","link":"https:\/\/test.sunday.ma\/index.php\/product\/mousseur-a-lait\/","title":{"rendered":"Mousseur \u00e0 lait"},"content":{"rendered":"","protected":false},"excerpt":{"rendered":"<p>Apportez une petite touche en plus \u00e0 votre caf\u00e9 du matin gr\u00e2ce \u00e0 du lait en mousse. ce produit vous aide \u00e0 mousser le lait comme un pro.<\/p>\n","protected":false},"featured_media":8454,"comment_status":"open","ping_status":"closed","template":"","meta":[],"product_cat":[123,117],"product_tag":[],"_links":{"self":[{"href":"https:\/\/test.sunday.ma\/index.php\/wp-json\/wp\/v2\/product\/8453"}],"collection":[{"href":"https:\/\/test.sunday.ma\/index.php\/wp-json\/wp\/v2\/product"}],"about":[{"href":"https:\/\/test.sunday.ma\/index.php\/wp-json\/wp\/v2\/types\/product"}],"replies":[{"embeddable":true,"href":"https:\/\/test.sunday.ma\/index.php\/wp-json\/wp\/v2\/comments?post=8453"}],"wp:featuredmedia":[{"embeddable":true,"href":"https:\/\/test.sunday.ma\/index.php\/wp-json\/wp\/v2\/media\/8454"}],"wp:attachment":[{"href":"https:\/\/test.sunday.ma\/index.php\/wp-json\/wp\/v2\/media?parent=8453"}],"wp:term":[{"taxonomy":"product_cat","embeddable":true,"href":"https:\/\/test.sunday.ma\/index.php\/wp-json\/wp\/v2\/product_cat?post=8453"},{"taxonomy":"product_tag","embeddable":true,"href":"https:\/\/test.sunday.ma\/index.php\/wp-json\/wp\/v2\/product_tag?post=8453"}],"curies":[{"name":"wp","href":"https:\/\/api.w.org\/{rel}","templated":true}]}}