{"id":8429,"date":"2022-11-13T20:51:49","date_gmt":"2022-11-13T20:51:49","guid":{"rendered":"https:\/\/test.sunday.ma\/?post_type=product&#038;p=8429"},"modified":"2023-12-11T09:50:47","modified_gmt":"2023-12-11T09:50:47","slug":"sapin-de-noel-artificiel-240x153-cm-vert","status":"publish","type":"product","link":"https:\/\/test.sunday.ma\/index.php\/product\/sapin-de-noel-artificiel-240x153-cm-vert\/","title":{"rendered":"Sapin de No\u00ebl artificiel 240&#215;153 cm vert"},"content":{"rendered":"","protected":false},"excerpt":{"rendered":"<p>Le sapin est un incontournable des f\u00eates de fin d&#8217;ann\u00e9e.\u00a0Retrouvez toute la magie de No\u00ebl gr\u00e2ce \u00e0 notre large s\u00e9lection de sapins artificiels avec leurs nombreuses aiguilles et nuances pour un aspect tr\u00e8s r\u00e9el.\u00a0D\u00e9corez votre int\u00e9rieur et passez des moments inoubliables en famille.<\/p>\n","protected":false},"featured_media":8430,"comment_status":"open","ping_status":"closed","template":"","meta":[],"product_cat":[86],"product_tag":[],"_links":{"self":[{"href":"https:\/\/test.sunday.ma\/index.php\/wp-json\/wp\/v2\/product\/8429"}],"collection":[{"href":"https:\/\/test.sunday.ma\/index.php\/wp-json\/wp\/v2\/product"}],"about":[{"href":"https:\/\/test.sunday.ma\/index.php\/wp-json\/wp\/v2\/types\/product"}],"replies":[{"embeddable":true,"href":"https:\/\/test.sunday.ma\/index.php\/wp-json\/wp\/v2\/comments?post=8429"}],"wp:featuredmedia":[{"embeddable":true,"href":"https:\/\/test.sunday.ma\/index.php\/wp-json\/wp\/v2\/media\/8430"}],"wp:attachment":[{"href":"https:\/\/test.sunday.ma\/index.php\/wp-json\/wp\/v2\/media?parent=8429"}],"wp:term":[{"taxonomy":"product_cat","embeddable":true,"href":"https:\/\/test.sunday.ma\/index.php\/wp-json\/wp\/v2\/product_cat?post=8429"},{"taxonomy":"product_tag","embeddable":true,"href":"https:\/\/test.sunday.ma\/index.php\/wp-json\/wp\/v2\/product_tag?post=8429"}],"curies":[{"name":"wp","href":"https:\/\/api.w.org\/{rel}","templated":true}]}}