{"id":8395,"date":"2022-11-07T12:16:27","date_gmt":"2022-11-07T12:16:27","guid":{"rendered":"https:\/\/test.sunday.ma\/?post_type=product&#038;p=8395"},"modified":"2023-12-11T09:50:46","modified_gmt":"2023-12-11T09:50:46","slug":"theiere-en-verre-400ml","status":"publish","type":"product","link":"https:\/\/test.sunday.ma\/index.php\/product\/theiere-en-verre-400ml\/","title":{"rendered":"Th\u00e9i\u00e8re en verre (400ml)"},"content":{"rendered":"","protected":false},"excerpt":{"rendered":"<p>Une th\u00e9i\u00e8re en verre \u00e9l\u00e9gante qui met en valeur nos magnifiques th\u00e9s \u00e0 feuilles enti\u00e8res lorsqu&#8217;ils se d\u00e9roulent dans la th\u00e9i\u00e8re. Asseyez-vous, d\u00e9tendez-vous et regardez du th\u00e9\u00e2tre \u00e0 feuilles enti\u00e8res. Cette th\u00e9i\u00e8re est livr\u00e9e avec un infuseur en verre int\u00e9gr\u00e9 et permet de pr\u00e9parer 1 \u00e0 2 d\u00e9licieuses tasses.<\/p>\n","protected":false},"featured_media":8396,"comment_status":"open","ping_status":"closed","template":"","meta":[],"product_cat":[15],"product_tag":[],"_links":{"self":[{"href":"https:\/\/test.sunday.ma\/index.php\/wp-json\/wp\/v2\/product\/8395"}],"collection":[{"href":"https:\/\/test.sunday.ma\/index.php\/wp-json\/wp\/v2\/product"}],"about":[{"href":"https:\/\/test.sunday.ma\/index.php\/wp-json\/wp\/v2\/types\/product"}],"replies":[{"embeddable":true,"href":"https:\/\/test.sunday.ma\/index.php\/wp-json\/wp\/v2\/comments?post=8395"}],"wp:featuredmedia":[{"embeddable":true,"href":"https:\/\/test.sunday.ma\/index.php\/wp-json\/wp\/v2\/media\/8396"}],"wp:attachment":[{"href":"https:\/\/test.sunday.ma\/index.php\/wp-json\/wp\/v2\/media?parent=8395"}],"wp:term":[{"taxonomy":"product_cat","embeddable":true,"href":"https:\/\/test.sunday.ma\/index.php\/wp-json\/wp\/v2\/product_cat?post=8395"},{"taxonomy":"product_tag","embeddable":true,"href":"https:\/\/test.sunday.ma\/index.php\/wp-json\/wp\/v2\/product_tag?post=8395"}],"curies":[{"name":"wp","href":"https:\/\/api.w.org\/{rel}","templated":true}]}}