{"id":8381,"date":"2022-11-05T22:43:42","date_gmt":"2022-11-05T22:43:42","guid":{"rendered":"https:\/\/test.sunday.ma\/?post_type=product&#038;p=8381"},"modified":"2023-12-11T09:50:46","modified_gmt":"2023-12-11T09:50:46","slug":"tasse-double-paroi-cuillere-en-verre-sous-tasse","status":"publish","type":"product","link":"https:\/\/test.sunday.ma\/index.php\/product\/tasse-double-paroi-cuillere-en-verre-sous-tasse\/","title":{"rendered":"Tasse double paroi +cuill\u00e8re en verre +sous tasse"},"content":{"rendered":"","protected":false},"excerpt":{"rendered":"<p>Tasse \u00e0 caf\u00e9 ou th\u00e9 en verre , avec poign\u00e9e et cuill\u00e8re en verre et sous tasse<\/p>\n<p>D\u00e9couvrez notre s\u00e9lection de verre double paroi \ud83d\udc99 et d\u00e9gustez votre boisson pr\u00e9f\u00e9r\u00e9e dans l&#8217;un de ces verres double paroi. Ils vous permettent d&#8217;appr\u00e9cier votre caf\u00e9 ou th\u00e9, visuellement tout en le gardant au chaud.<\/p>\n<p>&nbsp;<\/p>\n","protected":false},"featured_media":8382,"comment_status":"open","ping_status":"closed","template":"","meta":[],"product_cat":[120],"product_tag":[],"_links":{"self":[{"href":"https:\/\/test.sunday.ma\/index.php\/wp-json\/wp\/v2\/product\/8381"}],"collection":[{"href":"https:\/\/test.sunday.ma\/index.php\/wp-json\/wp\/v2\/product"}],"about":[{"href":"https:\/\/test.sunday.ma\/index.php\/wp-json\/wp\/v2\/types\/product"}],"replies":[{"embeddable":true,"href":"https:\/\/test.sunday.ma\/index.php\/wp-json\/wp\/v2\/comments?post=8381"}],"wp:featuredmedia":[{"embeddable":true,"href":"https:\/\/test.sunday.ma\/index.php\/wp-json\/wp\/v2\/media\/8382"}],"wp:attachment":[{"href":"https:\/\/test.sunday.ma\/index.php\/wp-json\/wp\/v2\/media?parent=8381"}],"wp:term":[{"taxonomy":"product_cat","embeddable":true,"href":"https:\/\/test.sunday.ma\/index.php\/wp-json\/wp\/v2\/product_cat?post=8381"},{"taxonomy":"product_tag","embeddable":true,"href":"https:\/\/test.sunday.ma\/index.php\/wp-json\/wp\/v2\/product_tag?post=8381"}],"curies":[{"name":"wp","href":"https:\/\/api.w.org\/{rel}","templated":true}]}}