{"id":8371,"date":"2022-11-04T12:21:24","date_gmt":"2022-11-04T12:21:24","guid":{"rendered":"https:\/\/test.sunday.ma\/?post_type=product&#038;p=8371"},"modified":"2023-12-11T09:50:45","modified_gmt":"2023-12-11T09:50:45","slug":"theiere-marocaine-argentee-2l","status":"publish","type":"product","link":"https:\/\/test.sunday.ma\/index.php\/product\/theiere-marocaine-argentee-2l\/","title":{"rendered":"Th\u00e9i\u00e8re Marocaine Argent\u00e9e 2L"},"content":{"rendered":"","protected":false},"excerpt":{"rendered":"<p>Th\u00e9i\u00e8re marocaine argent\u00e9e et inoxydable &#8221; Berrad Meghribi &#8220;. Design moderne. Filtre traditionnel int\u00e9gr\u00e9 dans le bec verseur.<\/p>\n","protected":false},"featured_media":8372,"comment_status":"open","ping_status":"closed","template":"","meta":[],"product_cat":[123,117],"product_tag":[],"_links":{"self":[{"href":"https:\/\/test.sunday.ma\/index.php\/wp-json\/wp\/v2\/product\/8371"}],"collection":[{"href":"https:\/\/test.sunday.ma\/index.php\/wp-json\/wp\/v2\/product"}],"about":[{"href":"https:\/\/test.sunday.ma\/index.php\/wp-json\/wp\/v2\/types\/product"}],"replies":[{"embeddable":true,"href":"https:\/\/test.sunday.ma\/index.php\/wp-json\/wp\/v2\/comments?post=8371"}],"wp:featuredmedia":[{"embeddable":true,"href":"https:\/\/test.sunday.ma\/index.php\/wp-json\/wp\/v2\/media\/8372"}],"wp:attachment":[{"href":"https:\/\/test.sunday.ma\/index.php\/wp-json\/wp\/v2\/media?parent=8371"}],"wp:term":[{"taxonomy":"product_cat","embeddable":true,"href":"https:\/\/test.sunday.ma\/index.php\/wp-json\/wp\/v2\/product_cat?post=8371"},{"taxonomy":"product_tag","embeddable":true,"href":"https:\/\/test.sunday.ma\/index.php\/wp-json\/wp\/v2\/product_tag?post=8371"}],"curies":[{"name":"wp","href":"https:\/\/api.w.org\/{rel}","templated":true}]}}