{"id":8261,"date":"2022-10-19T13:19:39","date_gmt":"2022-10-19T13:19:39","guid":{"rendered":"https:\/\/test.sunday.ma\/?post_type=product&#038;p=8261"},"modified":"2023-12-11T09:50:44","modified_gmt":"2023-12-11T09:50:44","slug":"lot-de-10-pots-dassaisonnement","status":"publish","type":"product","link":"https:\/\/test.sunday.ma\/index.php\/product\/lot-de-10-pots-dassaisonnement\/","title":{"rendered":"lot de 10 pots d&#8217;assaisonnement"},"content":{"rendered":"","protected":false},"excerpt":{"rendered":"<div class=\"woocommerce-product-rating\">\n<div class=\"review-link noreview\"><\/div>\n<\/div>\n<div class=\"description woocommerce-product-details__short-description\">\n<p>Ensemble de bo\u00eetes de rangement contient 10 x 70 ml , Les pots de rangement en verre transparent peuvent r\u00e9pondre \u00e0 la plupart de vos besoins de rangement de cuisine. ils vous permet d\u2019identifier rapidement les aliments stock\u00e9s et d\u2019\u00e9conomiser du temps et de l\u2019\u00e9nergie. r\u00e9sistant \u00e0 la chaleur et le couvercle en bambou est entour\u00e9 d\u2019une r\u00e9sine de silicone ronde, qui peut \u00eatre scell\u00e9e pour garder les aliments frais et \u00e9viter l\u2019humidit\u00e9 et les insectes.<br \/>\nces pots ne conviennent pas seulement pour stocker des aliments humides (sauces \/ confiture \/ fruits coup\u00e9s), mais aussi des aliments secs (haricots), des produits de boulangerie (sel \/ sucre), des plantes m\u00e9dicinales, du th\u00e9 et des \u00e9pices ou d\u2019autres ingr\u00e9dients. Il peut \u00e9galement \u00eatre utilis\u00e9 comme ensemble de pots \u00e0 cookies<\/p>\n<\/div>\n","protected":false},"featured_media":8262,"comment_status":"open","ping_status":"closed","template":"","meta":[],"product_cat":[89,81],"product_tag":[],"_links":{"self":[{"href":"https:\/\/test.sunday.ma\/index.php\/wp-json\/wp\/v2\/product\/8261"}],"collection":[{"href":"https:\/\/test.sunday.ma\/index.php\/wp-json\/wp\/v2\/product"}],"about":[{"href":"https:\/\/test.sunday.ma\/index.php\/wp-json\/wp\/v2\/types\/product"}],"replies":[{"embeddable":true,"href":"https:\/\/test.sunday.ma\/index.php\/wp-json\/wp\/v2\/comments?post=8261"}],"wp:featuredmedia":[{"embeddable":true,"href":"https:\/\/test.sunday.ma\/index.php\/wp-json\/wp\/v2\/media\/8262"}],"wp:attachment":[{"href":"https:\/\/test.sunday.ma\/index.php\/wp-json\/wp\/v2\/media?parent=8261"}],"wp:term":[{"taxonomy":"product_cat","embeddable":true,"href":"https:\/\/test.sunday.ma\/index.php\/wp-json\/wp\/v2\/product_cat?post=8261"},{"taxonomy":"product_tag","embeddable":true,"href":"https:\/\/test.sunday.ma\/index.php\/wp-json\/wp\/v2\/product_tag?post=8261"}],"curies":[{"name":"wp","href":"https:\/\/api.w.org\/{rel}","templated":true}]}}