{"id":8219,"date":"2022-10-17T01:04:52","date_gmt":"2022-10-17T01:04:52","guid":{"rendered":"https:\/\/test.sunday.ma\/?post_type=product&#038;p=8219"},"modified":"2023-12-11T09:50:44","modified_gmt":"2023-12-11T09:50:44","slug":"tapis-pour-refrigerateur-lavable-en-machine","status":"publish","type":"product","link":"https:\/\/test.sunday.ma\/index.php\/product\/tapis-pour-refrigerateur-lavable-en-machine\/","title":{"rendered":"Tapis pour r\u00e9frig\u00e9rateur- Lavable en machine"},"content":{"rendered":"<p>Le tapis fra\u00eecheur pour r\u00e9frig\u00e9rateur est un accessoire pratique qui aide \u00e0 garder les aliments frais plus longtemps. Le tapis est fabriqu\u00e9 \u00e0 partir de mat\u00e9riaux de haute qualit\u00e9 qui absorbent l&#8217;humidit\u00e9 et \u00e9liminent les odeurs, ce qui permet de prolonger la dur\u00e9e de vie des fruits, l\u00e9gumes, fromages et autres produits alimentaires dans votre r\u00e9frig\u00e9rateur.<\/p>\n<p>Notre tapis fra\u00eecheur est facile \u00e0 nettoyer et \u00e0 installer. Il suffit de le poser sur l&#8217;\u00e9tag\u00e8re de votre r\u00e9frig\u00e9rateur et il commencera \u00e0 absorber l&#8217;humidit\u00e9 imm\u00e9diatement. Le tapis est \u00e9galement r\u00e9utilisable et peut \u00eatre nettoy\u00e9 en le passant simplement sous l&#8217;eau courante et en le laissant s\u00e9cher \u00e0 l&#8217;air libre.<\/p>\n<p><img fetchpriority=\"high\" decoding=\"async\" class=\"alignnone size-medium wp-image-9422\" src=\"https:\/\/sunday.ma\/wp-content\/uploads\/2022\/10\/REF1-300x186.jpg\" alt=\"\" width=\"300\" height=\"186\" \/> <img decoding=\"async\" class=\"alignnone size-medium wp-image-9423\" src=\"https:\/\/sunday.ma\/wp-content\/uploads\/2022\/10\/REF2-300x186.jpg\" alt=\"\" width=\"300\" height=\"186\" \/> <img decoding=\"async\" class=\"alignnone size-medium wp-image-9424\" src=\"https:\/\/sunday.ma\/wp-content\/uploads\/2022\/10\/REF3-300x186.jpg\" alt=\"\" width=\"300\" height=\"186\" \/> <img loading=\"lazy\" decoding=\"async\" class=\"alignnone size-medium wp-image-9425\" src=\"https:\/\/sunday.ma\/wp-content\/uploads\/2022\/10\/REF4-300x186.jpg\" alt=\"\" width=\"300\" height=\"186\" \/><\/p>\n","protected":false},"excerpt":{"rendered":"<p>&#8220;\u00c9vitez les odeurs d\u00e9sagr\u00e9ables et les aliments g\u00e2t\u00e9s avec notre tapis fra\u00eecheur pour r\u00e9frig\u00e9rateur ! Notre tapis absorbe l&#8217;humidit\u00e9 et \u00e9limine les odeurs, gardant vos aliments frais plus longtemps. Facile \u00e0 nettoyer et \u00e0 installer, notre tapis est un must-have pour une cuisine propre et organis\u00e9e.<\/p>\n","protected":false},"featured_media":8220,"comment_status":"open","ping_status":"closed","template":"","meta":[],"product_cat":[128,89],"product_tag":[],"_links":{"self":[{"href":"https:\/\/test.sunday.ma\/index.php\/wp-json\/wp\/v2\/product\/8219"}],"collection":[{"href":"https:\/\/test.sunday.ma\/index.php\/wp-json\/wp\/v2\/product"}],"about":[{"href":"https:\/\/test.sunday.ma\/index.php\/wp-json\/wp\/v2\/types\/product"}],"replies":[{"embeddable":true,"href":"https:\/\/test.sunday.ma\/index.php\/wp-json\/wp\/v2\/comments?post=8219"}],"wp:featuredmedia":[{"embeddable":true,"href":"https:\/\/test.sunday.ma\/index.php\/wp-json\/wp\/v2\/media\/8220"}],"wp:attachment":[{"href":"https:\/\/test.sunday.ma\/index.php\/wp-json\/wp\/v2\/media?parent=8219"}],"wp:term":[{"taxonomy":"product_cat","embeddable":true,"href":"https:\/\/test.sunday.ma\/index.php\/wp-json\/wp\/v2\/product_cat?post=8219"},{"taxonomy":"product_tag","embeddable":true,"href":"https:\/\/test.sunday.ma\/index.php\/wp-json\/wp\/v2\/product_tag?post=8219"}],"curies":[{"name":"wp","href":"https:\/\/api.w.org\/{rel}","templated":true}]}}