{"id":8180,"date":"2022-10-16T15:47:38","date_gmt":"2022-10-16T15:47:38","guid":{"rendered":"https:\/\/test.sunday.ma\/?post_type=product&#038;p=8180"},"modified":"2023-12-11T09:50:43","modified_gmt":"2023-12-11T09:50:43","slug":"verre-double-paroi-250-ml-avec-couvercle-pour-the-cafe","status":"publish","type":"product","link":"https:\/\/test.sunday.ma\/index.php\/product\/verre-double-paroi-250-ml-avec-couvercle-pour-the-cafe\/","title":{"rendered":"Verre double paroi 250 ml avec couvercle, pour th\u00e9, caf\u00e9"},"content":{"rendered":"<div class=\"detailmodule_text\">\n<p class=\"detail-desc-decorate-content\" style=\"text-align: center;\" data-spm-anchor-id=\"a2g0o.detail.1000023.i7.2e887e64bTGz7R\">Verre borosilicate de haute qualit\u00e9, mat\u00e9riau sain, forte r\u00e9sistance \u00e0 haute temp\u00e9rature, pas peur du refroidissement soudain et de la chaleur soudaine<\/p>\n<\/div>\n<p><img decoding=\"async\" class=\"aligncenter\" src=\"https:\/\/sunday.ma\/wp-content\/uploads\/2022\/10\/verre-1-300x208.webp\" alt=\"\" \/><img decoding=\"async\" class=\"aligncenter\" src=\"https:\/\/sunday.ma\/wp-content\/uploads\/2022\/10\/verre-2-300x204.webp\" alt=\"\" \/><br \/>\n<img decoding=\"async\" class=\"aligncenter\" src=\"https:\/\/sunday.ma\/wp-content\/uploads\/2022\/10\/verre-3-297x300.webp\" alt=\"\" \/><img decoding=\"async\" class=\"aligncenter\" src=\"https:\/\/sunday.ma\/wp-content\/uploads\/2022\/10\/verre-4-300x206.webp\" alt=\"\" \/><br \/>\n<img decoding=\"async\" class=\"aligncenter\" src=\"https:\/\/sunday.ma\/wp-content\/uploads\/2022\/10\/verre-6-300x195.webp\" alt=\"\" \/><img decoding=\"async\" class=\"aligncenter\" src=\"https:\/\/sunday.ma\/wp-content\/uploads\/2022\/10\/verre-7-300x300.webp\" alt=\"\" \/><br \/>\n<img decoding=\"async\" class=\"aligncenter\" src=\"https:\/\/sunday.ma\/wp-content\/uploads\/2022\/10\/verre-8-300x300.webp\" alt=\"\" \/><\/p>\n","protected":false},"excerpt":{"rendered":"<p>Verre \u00e0 Double paroi en Verre avec couvercle en bambou, Verre isolant Transparent, cr\u00e9atif, pour th\u00e9, caf\u00e9<\/p>\n","protected":false},"featured_media":8181,"comment_status":"open","ping_status":"closed","template":"","meta":[],"product_cat":[120],"product_tag":[],"_links":{"self":[{"href":"https:\/\/test.sunday.ma\/index.php\/wp-json\/wp\/v2\/product\/8180"}],"collection":[{"href":"https:\/\/test.sunday.ma\/index.php\/wp-json\/wp\/v2\/product"}],"about":[{"href":"https:\/\/test.sunday.ma\/index.php\/wp-json\/wp\/v2\/types\/product"}],"replies":[{"embeddable":true,"href":"https:\/\/test.sunday.ma\/index.php\/wp-json\/wp\/v2\/comments?post=8180"}],"wp:featuredmedia":[{"embeddable":true,"href":"https:\/\/test.sunday.ma\/index.php\/wp-json\/wp\/v2\/media\/8181"}],"wp:attachment":[{"href":"https:\/\/test.sunday.ma\/index.php\/wp-json\/wp\/v2\/media?parent=8180"}],"wp:term":[{"taxonomy":"product_cat","embeddable":true,"href":"https:\/\/test.sunday.ma\/index.php\/wp-json\/wp\/v2\/product_cat?post=8180"},{"taxonomy":"product_tag","embeddable":true,"href":"https:\/\/test.sunday.ma\/index.php\/wp-json\/wp\/v2\/product_tag?post=8180"}],"curies":[{"name":"wp","href":"https:\/\/api.w.org\/{rel}","templated":true}]}}