{"id":8092,"date":"2022-10-08T13:35:29","date_gmt":"2022-10-08T13:35:29","guid":{"rendered":"https:\/\/test.sunday.ma\/?post_type=product&#038;p=8092"},"modified":"2023-12-11T09:50:43","modified_gmt":"2023-12-11T09:50:43","slug":"theiere-en-verre-action-et-detente","status":"publish","type":"product","link":"https:\/\/test.sunday.ma\/index.php\/product\/theiere-en-verre-action-et-detente\/","title":{"rendered":"TH\u00c9I\u00c8RE EN VERRE ACTION ET D\u00c9TENTE"},"content":{"rendered":"<p><a href=\"https:\/\/sunday.ma\/wp-content\/uploads\/2022\/10\/H0b90aa81038c42bc82474672ab6829e5N_1200x.webp\"><img fetchpriority=\"high\" decoding=\"async\" class=\"alignnone size-medium wp-image-8097\" src=\"https:\/\/sunday.ma\/wp-content\/uploads\/2022\/10\/H0b90aa81038c42bc82474672ab6829e5N_1200x-300x300.webp\" alt=\"\" width=\"300\" height=\"300\" \/><\/a> <a href=\"https:\/\/sunday.ma\/wp-content\/uploads\/2022\/10\/H85fe4b36ff8249baadec4a80cf6ab2d7G_1200x.webp\"><img decoding=\"async\" class=\"alignnone size-medium wp-image-8098\" src=\"https:\/\/sunday.ma\/wp-content\/uploads\/2022\/10\/H85fe4b36ff8249baadec4a80cf6ab2d7G_1200x-300x300.webp\" alt=\"\" width=\"300\" height=\"300\" \/><\/a><\/p>\n","protected":false},"excerpt":{"rendered":"<p>Retrouvez le design \u00e9pur\u00e9 de cette Th\u00e9i\u00e8re en Verre et mettez un peu d&#8217;Action dans votre consommation de th\u00e9 gr\u00e2ce \u00e0 ce r\u00e9cipient.<\/p>\n<p>Verre Thermor\u00e9sistant<\/p>\n<p>Couvercle en Verre<\/p>\n<p>Volume : 700 ml<\/p>\n","protected":false},"featured_media":8093,"comment_status":"open","ping_status":"closed","template":"","meta":[],"product_cat":[123],"product_tag":[],"_links":{"self":[{"href":"https:\/\/test.sunday.ma\/index.php\/wp-json\/wp\/v2\/product\/8092"}],"collection":[{"href":"https:\/\/test.sunday.ma\/index.php\/wp-json\/wp\/v2\/product"}],"about":[{"href":"https:\/\/test.sunday.ma\/index.php\/wp-json\/wp\/v2\/types\/product"}],"replies":[{"embeddable":true,"href":"https:\/\/test.sunday.ma\/index.php\/wp-json\/wp\/v2\/comments?post=8092"}],"wp:featuredmedia":[{"embeddable":true,"href":"https:\/\/test.sunday.ma\/index.php\/wp-json\/wp\/v2\/media\/8093"}],"wp:attachment":[{"href":"https:\/\/test.sunday.ma\/index.php\/wp-json\/wp\/v2\/media?parent=8092"}],"wp:term":[{"taxonomy":"product_cat","embeddable":true,"href":"https:\/\/test.sunday.ma\/index.php\/wp-json\/wp\/v2\/product_cat?post=8092"},{"taxonomy":"product_tag","embeddable":true,"href":"https:\/\/test.sunday.ma\/index.php\/wp-json\/wp\/v2\/product_tag?post=8092"}],"curies":[{"name":"wp","href":"https:\/\/api.w.org\/{rel}","templated":true}]}}