{"id":7930,"date":"2022-09-27T11:34:03","date_gmt":"2022-09-27T11:34:03","guid":{"rendered":"https:\/\/test.sunday.ma\/?post_type=product&#038;p=7930"},"modified":"2023-12-11T09:50:41","modified_gmt":"2023-12-11T09:50:41","slug":"plateau-de-service-decoratif-dore-pour-dessert-boissons-bougies-organiseurs-de-table-plateaux-ovales-30-x-12-cm","status":"publish","type":"product","link":"https:\/\/test.sunday.ma\/index.php\/product\/plateau-de-service-decoratif-dore-pour-dessert-boissons-bougies-organiseurs-de-table-plateaux-ovales-30-x-12-cm\/","title":{"rendered":"Plateau de service d\u00e9coratif dor\u00e9 pour dessert, boissons, bougies, organiseurs de table, plateaux ovales 30 x 12 cm"},"content":{"rendered":"","protected":false},"excerpt":{"rendered":"<div id=\"productOverview_feature_div\" class=\"celwidget\" data-feature-name=\"productOverview\" data-csa-c-id=\"9wujh3-n3e7a9-b82lvz-2o2jvg\" data-cel-widget=\"productOverview_feature_div\">\n<div class=\"a-section a-spacing-small a-spacing-top-small\">\n<table class=\"a-normal a-spacing-micro\">\n<tbody>\n<tr class=\"a-spacing-small po-color\">\n<td class=\"a-span3\"><span class=\"a-size-base a-text-bold\">Couleur<\/span><\/td>\n<td class=\"a-span9\"><span class=\"a-size-base\">Dor\u00e9<\/span><\/td>\n<\/tr>\n<tr class=\"a-spacing-small po-material\">\n<td class=\"a-span3\"><span class=\"a-size-base a-text-bold\">Mat\u00e9riau<\/span><\/td>\n<td class=\"a-span9\"><span class=\"a-size-base\">Acier alli\u00e9<\/span><\/td>\n<\/tr>\n<tr class=\"a-spacing-small po-item_shape\">\n<td class=\"a-span3\"><span class=\"a-size-base a-text-bold\">Forme<\/span><\/td>\n<td class=\"a-span9\"><span class=\"a-size-base\">Ovale<\/span><\/td>\n<\/tr>\n<tr class=\"a-spacing-small po-finish_type\">\n<td class=\"a-span3\"><span class=\"a-size-base a-text-bold\">Type de finition<\/span><\/td>\n<td class=\"a-span9\"><span class=\"a-size-base\">Dor\u00e9<\/span><\/td>\n<\/tr>\n<tr class=\"a-spacing-small po-occasion_type\">\n<td class=\"a-span3\"><span class=\"a-size-base a-text-bold\">Occasion<\/span><\/td>\n<td class=\"a-span9\"><span class=\"a-size-base\">Anniversaire, Mariage<\/span><\/td>\n<\/tr>\n<tr class=\"a-spacing-small po-is_oven_safe\">\n<td class=\"a-span3\"><span class=\"a-size-base a-text-bold\">Peut \u00eatre pass\u00e9 au four<\/span><\/td>\n<td class=\"a-span9\"><span class=\"a-size-base\">Non<\/span><\/td>\n<\/tr>\n<\/tbody>\n<\/table>\n<\/div>\n<\/div>\n<div id=\"featurebullets_feature_div\" class=\"celwidget\" data-feature-name=\"featurebullets\" data-csa-c-id=\"kijbb-z86dqu-x94usr-rrd8t5\" data-cel-widget=\"featurebullets_feature_div\">\n<div id=\"feature-bullets\" class=\"a-section a-spacing-medium a-spacing-top-small\">\n<hr \/>\n<h1 class=\"a-size-base-plus a-text-bold\">\u00c0 propos de cet article<\/h1>\n<ul class=\"a-unordered-list a-vertical a-spacing-mini\">\n<li><span class=\"a-list-item\">Plateau de service dor\u00e9 : 30 x 12 cm, veuillez noter que les petits plateaux ont des tailles diff\u00e9rentes, assurez-vous de v\u00e9rifier la taille pour r\u00e9pondre \u00e0 vos besoins avant de passer commande.<\/span><\/li>\n<li><span class=\"a-list-item\">Plateau de service polyvalent : plateau d\u00e9coratif dor\u00e9 pratique pour votre maison chaleureuse, vous pouvez l&#8217;utiliser comme plateau de petit d\u00e9jeuner\/dessert, plateau \u00e0 bougies, support de cl\u00e9s ou support de bijoux. Parfait pour recueillir des cosm\u00e9tiques, du parfum, des bougies, des cl\u00e9s. et contenir des verres, des desserts et des g\u00e2teaux.<\/span><\/li>\n<li><span class=\"a-list-item\">\u00c9l\u00e9gant pour la d\u00e9coration de f\u00eate : utilis\u00e9 comme plateaux pour contenir des boissons ou des desserts, un point culminant absolu lors de votre f\u00eate sur le th\u00e8me rose\/or, telles que les f\u00eates d&#8217;anniversaire, les f\u00eates de mariage, les festivals et autres f\u00eates \u00e0 th\u00e8me sp\u00e9ciales.<\/span><\/li>\n<li><span class=\"a-list-item\">Excellent pour l&#8217;organisation de la maison : vous pouvez le mettre partout o\u00f9 vous en avez besoin pour le garder propre et bien rang\u00e9, comme une table de nourriture, un bar, une cuisine, une chambre, un salon et une coiffeuse de salle de bain. Une d\u00e9coration d&#8217;int\u00e9rieur indispensable pour une vie sup\u00e9rieure.<\/span><\/li>\n<li><span class=\"a-list-item\">Artisanat : fabriqu\u00e9 en acier inoxydable de qualit\u00e9 alimentaire de haute qualit\u00e9, design simple et \u00e9l\u00e9gant, lignes lisses, coupl\u00e9 au processus de polissage miroir, belle brillance.<\/span><\/li>\n<\/ul>\n<\/div>\n<\/div>\n","protected":false},"featured_media":7931,"comment_status":"open","ping_status":"closed","template":"","meta":[],"product_cat":[117,82,127],"product_tag":[],"_links":{"self":[{"href":"https:\/\/test.sunday.ma\/index.php\/wp-json\/wp\/v2\/product\/7930"}],"collection":[{"href":"https:\/\/test.sunday.ma\/index.php\/wp-json\/wp\/v2\/product"}],"about":[{"href":"https:\/\/test.sunday.ma\/index.php\/wp-json\/wp\/v2\/types\/product"}],"replies":[{"embeddable":true,"href":"https:\/\/test.sunday.ma\/index.php\/wp-json\/wp\/v2\/comments?post=7930"}],"wp:featuredmedia":[{"embeddable":true,"href":"https:\/\/test.sunday.ma\/index.php\/wp-json\/wp\/v2\/media\/7931"}],"wp:attachment":[{"href":"https:\/\/test.sunday.ma\/index.php\/wp-json\/wp\/v2\/media?parent=7930"}],"wp:term":[{"taxonomy":"product_cat","embeddable":true,"href":"https:\/\/test.sunday.ma\/index.php\/wp-json\/wp\/v2\/product_cat?post=7930"},{"taxonomy":"product_tag","embeddable":true,"href":"https:\/\/test.sunday.ma\/index.php\/wp-json\/wp\/v2\/product_tag?post=7930"}],"curies":[{"name":"wp","href":"https:\/\/api.w.org\/{rel}","templated":true}]}}