{"id":7916,"date":"2022-09-26T18:23:33","date_gmt":"2022-09-26T18:23:33","guid":{"rendered":"https:\/\/test.sunday.ma\/?post_type=product&#038;p=7916"},"modified":"2023-12-11T09:50:41","modified_gmt":"2023-12-11T09:50:41","slug":"halloween-accessoires-chapeau-de-sorciere-noir","status":"publish","type":"product","link":"https:\/\/test.sunday.ma\/index.php\/product\/halloween-accessoires-chapeau-de-sorciere-noir\/","title":{"rendered":"Halloween accessoires-chapeau de sorci\u00e8re noir"},"content":{"rendered":"","protected":false},"excerpt":{"rendered":"<p>R\u00e9ussir son d\u00e9guisement n&#8217;a jamais \u00e9t\u00e9 aussi facile ! Equipez-vous de nos articles avec des effets sp\u00e9ciaux pour r\u00e9ussir une apparence digne des plus grands films d&#8217;horreur.<\/p>\n","protected":false},"featured_media":7917,"comment_status":"open","ping_status":"closed","template":"","meta":[],"product_cat":[15],"product_tag":[],"_links":{"self":[{"href":"https:\/\/test.sunday.ma\/index.php\/wp-json\/wp\/v2\/product\/7916"}],"collection":[{"href":"https:\/\/test.sunday.ma\/index.php\/wp-json\/wp\/v2\/product"}],"about":[{"href":"https:\/\/test.sunday.ma\/index.php\/wp-json\/wp\/v2\/types\/product"}],"replies":[{"embeddable":true,"href":"https:\/\/test.sunday.ma\/index.php\/wp-json\/wp\/v2\/comments?post=7916"}],"wp:featuredmedia":[{"embeddable":true,"href":"https:\/\/test.sunday.ma\/index.php\/wp-json\/wp\/v2\/media\/7917"}],"wp:attachment":[{"href":"https:\/\/test.sunday.ma\/index.php\/wp-json\/wp\/v2\/media?parent=7916"}],"wp:term":[{"taxonomy":"product_cat","embeddable":true,"href":"https:\/\/test.sunday.ma\/index.php\/wp-json\/wp\/v2\/product_cat?post=7916"},{"taxonomy":"product_tag","embeddable":true,"href":"https:\/\/test.sunday.ma\/index.php\/wp-json\/wp\/v2\/product_tag?post=7916"}],"curies":[{"name":"wp","href":"https:\/\/api.w.org\/{rel}","templated":true}]}}