{"id":7911,"date":"2022-09-26T18:08:55","date_gmt":"2022-09-26T18:08:55","guid":{"rendered":"https:\/\/test.sunday.ma\/?post_type=product&#038;p=7911"},"modified":"2023-12-11T09:50:41","modified_gmt":"2023-12-11T09:50:41","slug":"halloween-deguisement-enfant-cape-vampire-70-cm","status":"publish","type":"product","link":"https:\/\/test.sunday.ma\/index.php\/product\/halloween-deguisement-enfant-cape-vampire-70-cm\/","title":{"rendered":"Halloween d\u00e9guisement enfant, cape chauve-souris"},"content":{"rendered":"","protected":false},"excerpt":{"rendered":"<p>Des d\u00e9guisements pas chers pour que votre enfant puisse s&#8217;amuser seul, avec ses amis ou camarades de classe. Une cape de qualit\u00e9 \u00e0 petit prix pour r\u00e9ussir un d\u00e9guisement de Vampire. Il suffit d&#8217;ajouter quelques accessoires parmi notre large s\u00e9lection pour compl\u00e9ter la tenue.<\/p>\n","protected":false},"featured_media":7912,"comment_status":"open","ping_status":"closed","template":"","meta":[],"product_cat":[15],"product_tag":[],"_links":{"self":[{"href":"https:\/\/test.sunday.ma\/index.php\/wp-json\/wp\/v2\/product\/7911"}],"collection":[{"href":"https:\/\/test.sunday.ma\/index.php\/wp-json\/wp\/v2\/product"}],"about":[{"href":"https:\/\/test.sunday.ma\/index.php\/wp-json\/wp\/v2\/types\/product"}],"replies":[{"embeddable":true,"href":"https:\/\/test.sunday.ma\/index.php\/wp-json\/wp\/v2\/comments?post=7911"}],"wp:featuredmedia":[{"embeddable":true,"href":"https:\/\/test.sunday.ma\/index.php\/wp-json\/wp\/v2\/media\/7912"}],"wp:attachment":[{"href":"https:\/\/test.sunday.ma\/index.php\/wp-json\/wp\/v2\/media?parent=7911"}],"wp:term":[{"taxonomy":"product_cat","embeddable":true,"href":"https:\/\/test.sunday.ma\/index.php\/wp-json\/wp\/v2\/product_cat?post=7911"},{"taxonomy":"product_tag","embeddable":true,"href":"https:\/\/test.sunday.ma\/index.php\/wp-json\/wp\/v2\/product_tag?post=7911"}],"curies":[{"name":"wp","href":"https:\/\/api.w.org\/{rel}","templated":true}]}}