{"id":7899,"date":"2022-09-26T16:28:35","date_gmt":"2022-09-26T16:28:35","guid":{"rendered":"https:\/\/test.sunday.ma\/?post_type=product&#038;p=7899"},"modified":"2023-12-11T09:50:40","modified_gmt":"2023-12-11T09:50:40","slug":"seaux-en-plastique-pour-halloween-17-cm-pour-bonbons-ou-friandises-grand-seau-portatif-motif-citrouille","status":"publish","type":"product","link":"https:\/\/test.sunday.ma\/index.php\/product\/seaux-en-plastique-pour-halloween-17-cm-pour-bonbons-ou-friandises-grand-seau-portatif-motif-citrouille\/","title":{"rendered":"seau en plastique pour Halloween- Motif citrouille 17cm"},"content":{"rendered":"","protected":false},"excerpt":{"rendered":"<div id=\"featurebullets_feature_div\" class=\"celwidget\" data-feature-name=\"featurebullets\" data-csa-c-id=\"r43cuc-tdlazm-p8bjh6-ixs1dc\" data-cel-widget=\"featurebullets_feature_div\">\n<div id=\"feature-bullets\" class=\"a-section a-spacing-medium a-spacing-top-small\">\n<ul class=\"a-unordered-list a-vertical a-spacing-mini\">\n<li><span class=\"a-list-item\">Seau pour les tout-petits, les enfants, les adolescents et les gar\u00e7ons. Excellent porte-bonbons pour les f\u00eates et les astuces ou friandises \u00e0 Halloween.<\/span><\/li>\n<li><span class=\"a-list-item\">Cadeau parfait et amusant pour les enfants et les amis \u00e0 Halloween.<\/span><\/li>\n<li><span class=\"a-list-item\">Contient une poign\u00e9e noire de citrouille noire.<\/span><\/li>\n<li><span class=\"a-list-item\">En forme de citrouille, id\u00e9al comme d\u00e9coration pour une f\u00eate ou une maison hant\u00e9e.<\/span><\/li>\n<li><span class=\"a-list-item\">Mat\u00e9riau de qualit\u00e9 sup\u00e9rieure et respectueux de l&#8217;environnement pour une utilisation s\u00fbre et \u00e0 long terme.<\/span><\/li>\n<\/ul>\n<\/div>\n<\/div>\n<div id=\"provenanceCertifications_feature_div\" class=\"celwidget\" data-feature-name=\"provenanceCertifications\" data-csa-c-id=\"uyenmn-l8hw40-xm3v7a-s1th2b\" data-cel-widget=\"provenanceCertifications_feature_div\"><\/div>\n<div id=\"customerReviewsAttribute_feature_div\" class=\"celwidget\" data-feature-name=\"customerReviewsAttribute\" data-csa-c-id=\"5ezp5t-94rdf2-2yu1rp-gdvmsi\" data-cel-widget=\"customerReviewsAttribute_feature_div\"><\/div>\n<div id=\"globalStoreInfoBullets_feature_div\" class=\"celwidget\" data-feature-name=\"globalStoreInfoBullets\" data-csa-c-id=\"1owgi8-xnckne-tkchjp-5z46q6\" data-cel-widget=\"globalStoreInfoBullets_feature_div\"><\/div>\n<div id=\"addOnItem_feature_div\" class=\"celwidget\" data-feature-name=\"addOnItem\" data-csa-c-id=\"i4ib24-195jz5-eq5i5a-uq3m83\" data-cel-widget=\"addOnItem_feature_div\"><\/div>\n<div id=\"andonCord_feature_div\" class=\"celwidget\" data-feature-name=\"andonCord\" data-csa-c-id=\"ejqjog-9sygb2-aq7qu6-l3dj11\" data-cel-widget=\"andonCord_feature_div\"><\/div>\n<div id=\"HLCXComparisonJumplink_feature_div\"><\/div>\n<div id=\"edpIngress_feature_div\" class=\"celwidget\" data-feature-name=\"edpIngress\" data-csa-c-id=\"ebv4c3-r5e5vi-z39fmf-gdi37c\" data-cel-widget=\"edpIngress_feature_div\"><\/div>\n<div id=\"newerVersion_feature_div\" class=\"celwidget\" data-feature-name=\"newerVersion\" data-csa-c-id=\"2jq5if-uq1ruw-temaqs-f0rhpe\" data-cel-widget=\"newerVersion_feature_div\"><\/div>\n<div id=\"valuePick_feature_div\" class=\"celwidget\" data-feature-name=\"valuePick\" data-csa-c-id=\"dkrjtt-wyiuvz-4cpdw5-b6457h\" data-cel-widget=\"valuePick_feature_div\"><\/div>\n<div id=\"certifiedRefurbishedVersion_feature_div\" class=\"celwidget\" data-feature-name=\"certifiedRefurbishedVersion\" data-csa-c-id=\"7jyf0m-o7pdqg-cqefnp-ecx9bj\" data-cel-widget=\"certifiedRefurbishedVersion_feature_div\"><\/div>\n<div id=\"whiteGloveMessage_feature_div\" class=\"celwidget\" data-feature-name=\"whiteGloveMessage\" data-csa-c-id=\"yauj7w-s4lnri-v53vah-tl4vsv\" data-cel-widget=\"whiteGloveMessage_feature_div\"><\/div>\n<div id=\"productAlert_feature_div\" class=\"celwidget\" data-feature-name=\"productAlert\" data-csa-c-id=\"d982vr-6lmn30-d6xmi6-mw9c18\" data-cel-widget=\"productAlert_feature_div\"><\/div>\n","protected":false},"featured_media":7900,"comment_status":"open","ping_status":"closed","template":"","meta":[],"product_cat":[15],"product_tag":[],"_links":{"self":[{"href":"https:\/\/test.sunday.ma\/index.php\/wp-json\/wp\/v2\/product\/7899"}],"collection":[{"href":"https:\/\/test.sunday.ma\/index.php\/wp-json\/wp\/v2\/product"}],"about":[{"href":"https:\/\/test.sunday.ma\/index.php\/wp-json\/wp\/v2\/types\/product"}],"replies":[{"embeddable":true,"href":"https:\/\/test.sunday.ma\/index.php\/wp-json\/wp\/v2\/comments?post=7899"}],"wp:featuredmedia":[{"embeddable":true,"href":"https:\/\/test.sunday.ma\/index.php\/wp-json\/wp\/v2\/media\/7900"}],"wp:attachment":[{"href":"https:\/\/test.sunday.ma\/index.php\/wp-json\/wp\/v2\/media?parent=7899"}],"wp:term":[{"taxonomy":"product_cat","embeddable":true,"href":"https:\/\/test.sunday.ma\/index.php\/wp-json\/wp\/v2\/product_cat?post=7899"},{"taxonomy":"product_tag","embeddable":true,"href":"https:\/\/test.sunday.ma\/index.php\/wp-json\/wp\/v2\/product_tag?post=7899"}],"curies":[{"name":"wp","href":"https:\/\/api.w.org\/{rel}","templated":true}]}}