{"id":7829,"date":"2022-09-22T11:54:12","date_gmt":"2022-09-22T11:54:12","guid":{"rendered":"https:\/\/test.sunday.ma\/?post_type=product&#038;p=7829"},"modified":"2023-12-11T09:50:40","modified_gmt":"2023-12-11T09:50:40","slug":"plateau-a-confiture-en-porcelaine-avec-cadre-metallique-rectangulaire-de-haute-qualite","status":"publish","type":"product","link":"https:\/\/test.sunday.ma\/index.php\/product\/plateau-a-confiture-en-porcelaine-avec-cadre-metallique-rectangulaire-de-haute-qualite\/","title":{"rendered":"Plateau \u00e0 confiture en porcelaine avec cadre m\u00e9tallique rectangulaire de haute qualit\u00e9"},"content":{"rendered":"","protected":false},"excerpt":{"rendered":"<p>Le plateau de bonbons est un produit indispensable sur la table \u00e0 th\u00e9 de la famille chaque Tet au printemps. Le choix d&#8217;un produit de plateau de confiserie appropri\u00e9 apporte non seulement \u00e9l\u00e9gance et confort, mais montre \u00e9galement le style, la cr\u00e9ativit\u00e9 et le go\u00fbt esth\u00e9tique du propri\u00e9taire.<\/p>\n<p>Les motifs d\u00e9coratifs de style royal apporteront une exp\u00e9rience chic et nostalgique dans votre propre espace.<\/p>\n<p>Le bac \u00e0 confiture est fabriqu\u00e9 en c\u00e9ramique \u00e9maill\u00e9e de haute qualit\u00e9, moul\u00e9 et color\u00e9 avec une technologie de pointe, ce qui rend le produit toujours durable, brillant, r\u00e9sistant \u00e0 la chaleur et \u00e0 l&#8217;humidit\u00e9, anti-adh\u00e9sif, \u00e0 la poussi\u00e8re et aux bact\u00e9ries, garantissant que les aliments sont toujours propres et hygi\u00e9nique.<\/p>\n<p>Mat\u00e9riau c\u00e9ramique \u00e9maill\u00e9 de haute qualit\u00e9, durable, anti-poussi\u00e8re, antibact\u00e9rien<br \/>\nDesign exquis, divis\u00e9 en 6 petits compartiments \u00e9l\u00e9gants et pratiques et support en m\u00e9tal plaqu\u00e9 or sophistiqu\u00e9 et haut de gamme, le couvercle en verre vous aide \u00e0 identifier le plat que vous devez utiliser pour ouvrir le couvercle.<br \/>\nS&#8217;adapte \u00e0 de nombreux espaces<\/p>\n<p>Les prix des produits sur Tiki sont TTC conform\u00e9ment \u00e0 la l\u00e9gislation applicable. De plus, selon le type de produit, la forme et l&#8217;adresse de livraison, il peut y avoir des frais suppl\u00e9mentaires tels que les frais d&#8217;exp\u00e9dition, les surtaxes pour les marchandises volumineuses, les taxes \u00e0 l&#8217;importation (pour les commandes livr\u00e9es depuis l&#8217;\u00e9tranger, d&#8217;une valeur sup\u00e9rieure \u00e0 1 million de VND).<\/p>\n","protected":false},"featured_media":7830,"comment_status":"open","ping_status":"closed","template":"","meta":[],"product_cat":[117,121],"product_tag":[],"_links":{"self":[{"href":"https:\/\/test.sunday.ma\/index.php\/wp-json\/wp\/v2\/product\/7829"}],"collection":[{"href":"https:\/\/test.sunday.ma\/index.php\/wp-json\/wp\/v2\/product"}],"about":[{"href":"https:\/\/test.sunday.ma\/index.php\/wp-json\/wp\/v2\/types\/product"}],"replies":[{"embeddable":true,"href":"https:\/\/test.sunday.ma\/index.php\/wp-json\/wp\/v2\/comments?post=7829"}],"wp:featuredmedia":[{"embeddable":true,"href":"https:\/\/test.sunday.ma\/index.php\/wp-json\/wp\/v2\/media\/7830"}],"wp:attachment":[{"href":"https:\/\/test.sunday.ma\/index.php\/wp-json\/wp\/v2\/media?parent=7829"}],"wp:term":[{"taxonomy":"product_cat","embeddable":true,"href":"https:\/\/test.sunday.ma\/index.php\/wp-json\/wp\/v2\/product_cat?post=7829"},{"taxonomy":"product_tag","embeddable":true,"href":"https:\/\/test.sunday.ma\/index.php\/wp-json\/wp\/v2\/product_tag?post=7829"}],"curies":[{"name":"wp","href":"https:\/\/api.w.org\/{rel}","templated":true}]}}