{"id":7810,"date":"2022-09-22T11:18:12","date_gmt":"2022-09-22T11:18:12","guid":{"rendered":"https:\/\/test.sunday.ma\/?post_type=product&#038;p=7810"},"modified":"2023-12-11T09:50:38","modified_gmt":"2023-12-11T09:50:38","slug":"sablier-maison-minuterie-de-bouteille-vide-etude-creative-en-metal-salon-bureau-decoration-de-bureau-accessoires-pour-la-maison-cadeau-haute-315-cm","status":"publish","type":"product","link":"https:\/\/test.sunday.ma\/index.php\/product\/sablier-maison-minuterie-de-bouteille-vide-etude-creative-en-metal-salon-bureau-decoration-de-bureau-accessoires-pour-la-maison-cadeau-haute-315-cm\/","title":{"rendered":"Sablier Maison Minuterie De Bouteille Vide, \u00c9tude Cr\u00e9ative en M\u00e9tal Salon Bureau D\u00e9coration De Bureau Accessoires pour La Maison Cadeau Haute 31,5 cm"},"content":{"rendered":"","protected":false},"excerpt":{"rendered":"<ul class=\"a-unordered-list a-vertical a-spacing-mini\">\n<li><span class=\"a-list-item\">La signification du sablier &#8211; Le sablier symbolise l&#8217;amour, l&#8217;amiti\u00e9 et le bonheur. Diff\u00e9rentes couleurs ont des significations diff\u00e9rentes et sont des cadeaux parfaits pour les parents, les amis et les amoureux, tels que les anniversaires, Thanksgiving, la f\u00eate des enfants, la Saint-Valentin, No\u00ebl, etc.<\/span><\/li>\n<li><span class=\"a-list-item\">Coque antid\u00e9flagrante &#8211; L&#8217;ext\u00e9rieur du sablier est en acrylique transparent, r\u00e9sistant et antid\u00e9flagrant; verre plus \u00e9pais, sable plus transparent et lisse, plus beau.<\/span><\/li>\n<li><span class=\"a-list-item\">Exquis et \u00e0 la mode &#8211; Le sablier est compos\u00e9 d&#8217;\u00e9crous sans soudure exquis et de pieds en m\u00e9tal de haute qualit\u00e9. Le verre est en verre \u00e9pais et le sel est lisse et lisse. Utilisez des mat\u00e9riaux d&#8217;emballage professionnels et une couche de protection \u00e9paisse pour le transport.<\/span><\/li>\n<li><span class=\"a-list-item\">Outils de bricolage-auto &#8211; chargement de sable   entonnoir. Avant de charger du sable, assurez-vous d&#8217;enlever la salet\u00e9 et de s\u00e9cher. Le moment du sablier consiste \u00e0 remplir la bouteille de sable et \u00e0 lui permettre de s&#8217;\u00e9couler au moment opportun pour drainer l&#8217;exc\u00e8s de sable. V\u00e9rifiez \u00e0 plusieurs reprises l&#8217;exactitude des param\u00e8tres.<\/span><\/li>\n<li><span class=\"a-list-item\">Limite de temps &#8211; L&#8217;utilisation d&#8217;un sablier chronom\u00e9tr\u00e9 dans la vie peut changer les habitudes et am\u00e9liorer l&#8217;efficacit\u00e9 de la vie. Par exemple, un sablier de 15 minutes peut \u00eatre d\u00e9fini comme le temps pour les enfants de jouer \u00e0 des jeux; 60 minutes peuvent \u00eatre le temps de la pratique du yoga, et ainsi de suite.<\/span><\/li>\n<\/ul>\n","protected":false},"featured_media":7811,"comment_status":"open","ping_status":"closed","template":"","meta":[],"product_cat":[82,86],"product_tag":[],"_links":{"self":[{"href":"https:\/\/test.sunday.ma\/index.php\/wp-json\/wp\/v2\/product\/7810"}],"collection":[{"href":"https:\/\/test.sunday.ma\/index.php\/wp-json\/wp\/v2\/product"}],"about":[{"href":"https:\/\/test.sunday.ma\/index.php\/wp-json\/wp\/v2\/types\/product"}],"replies":[{"embeddable":true,"href":"https:\/\/test.sunday.ma\/index.php\/wp-json\/wp\/v2\/comments?post=7810"}],"wp:featuredmedia":[{"embeddable":true,"href":"https:\/\/test.sunday.ma\/index.php\/wp-json\/wp\/v2\/media\/7811"}],"wp:attachment":[{"href":"https:\/\/test.sunday.ma\/index.php\/wp-json\/wp\/v2\/media?parent=7810"}],"wp:term":[{"taxonomy":"product_cat","embeddable":true,"href":"https:\/\/test.sunday.ma\/index.php\/wp-json\/wp\/v2\/product_cat?post=7810"},{"taxonomy":"product_tag","embeddable":true,"href":"https:\/\/test.sunday.ma\/index.php\/wp-json\/wp\/v2\/product_tag?post=7810"}],"curies":[{"name":"wp","href":"https:\/\/api.w.org\/{rel}","templated":true}]}}