{"id":7766,"date":"2022-09-19T16:22:55","date_gmt":"2022-09-19T16:22:55","guid":{"rendered":"https:\/\/test.sunday.ma\/?post_type=product&#038;p=7766"},"modified":"2023-12-11T09:50:36","modified_gmt":"2023-12-11T09:50:36","slug":"assiette-a-dessert-en-ceramique-a-2-niveaux-vert","status":"publish","type":"product","link":"https:\/\/test.sunday.ma\/index.php\/product\/assiette-a-dessert-en-ceramique-a-2-niveaux-vert\/","title":{"rendered":"Assiette \u00e0 Dessert en c\u00e9ramique \u00e0 2 niveaux VERT"},"content":{"rendered":"","protected":false},"excerpt":{"rendered":"<p>2 Tier Ceramic Dessert Plate Cupcake Stand Fruit Storage Rack Wedding Party Serving Tray Kitchen Accessories Christmas Dishes<\/p>\n","protected":false},"featured_media":7767,"comment_status":"open","ping_status":"closed","template":"","meta":[],"product_cat":[117,127],"product_tag":[],"_links":{"self":[{"href":"https:\/\/test.sunday.ma\/index.php\/wp-json\/wp\/v2\/product\/7766"}],"collection":[{"href":"https:\/\/test.sunday.ma\/index.php\/wp-json\/wp\/v2\/product"}],"about":[{"href":"https:\/\/test.sunday.ma\/index.php\/wp-json\/wp\/v2\/types\/product"}],"replies":[{"embeddable":true,"href":"https:\/\/test.sunday.ma\/index.php\/wp-json\/wp\/v2\/comments?post=7766"}],"wp:featuredmedia":[{"embeddable":true,"href":"https:\/\/test.sunday.ma\/index.php\/wp-json\/wp\/v2\/media\/7767"}],"wp:attachment":[{"href":"https:\/\/test.sunday.ma\/index.php\/wp-json\/wp\/v2\/media?parent=7766"}],"wp:term":[{"taxonomy":"product_cat","embeddable":true,"href":"https:\/\/test.sunday.ma\/index.php\/wp-json\/wp\/v2\/product_cat?post=7766"},{"taxonomy":"product_tag","embeddable":true,"href":"https:\/\/test.sunday.ma\/index.php\/wp-json\/wp\/v2\/product_tag?post=7766"}],"curies":[{"name":"wp","href":"https:\/\/api.w.org\/{rel}","templated":true}]}}