{"id":7640,"date":"2022-09-07T19:18:51","date_gmt":"2022-09-07T19:18:51","guid":{"rendered":"https:\/\/test.sunday.ma\/?post_type=product&#038;p=7640"},"modified":"2023-12-11T09:50:34","modified_gmt":"2023-12-11T09:50:34","slug":"marmite-19l","status":"publish","type":"product","link":"https:\/\/test.sunday.ma\/index.php\/product\/marmite-19l\/","title":{"rendered":"marmite pour cuisson 1,9L"},"content":{"rendered":"<ul class=\"a-unordered-list a-vertical a-spacing-mini\">\n<li><span class=\"a-list-item\">\u00a0Le verre r\u00e9sistant \u00e0 la chaleur sans plomb est limpide, facile \u00e0 nettoyer<\/span><\/li>\n<li><span class=\"a-list-item\">\u00a0Corps de pot transparent, adapt\u00e9 \u00e0 une vari\u00e9t\u00e9 de m\u00e9thodes de cuisson, corps de pot plus \u00e9pais, plus fort et plus fort, facile \u00e0 nettoyer sans laisser de taches.<\/span><\/li>\n<\/ul>\n<p><img fetchpriority=\"high\" decoding=\"async\" class=\"alignnone size-medium wp-image-9305\" src=\"https:\/\/sunday.ma\/wp-content\/uploads\/2022\/09\/marmite-1-300x300.jpg\" alt=\"\" width=\"300\" height=\"300\" \/> <img decoding=\"async\" class=\"alignnone size-medium wp-image-9306\" src=\"https:\/\/sunday.ma\/wp-content\/uploads\/2022\/09\/marmite-2-300x300.jpg\" alt=\"\" width=\"300\" height=\"300\" \/> <img decoding=\"async\" class=\"alignnone size-medium wp-image-9307\" src=\"https:\/\/sunday.ma\/wp-content\/uploads\/2022\/09\/marmite-3-300x300.jpg\" alt=\"\" width=\"300\" height=\"300\" \/> <img loading=\"lazy\" decoding=\"async\" class=\"alignnone size-medium wp-image-9308\" src=\"https:\/\/sunday.ma\/wp-content\/uploads\/2022\/09\/marmite-4-288x300.jpg\" alt=\"\" width=\"288\" height=\"300\" \/><\/p>\n","protected":false},"excerpt":{"rendered":"<p>\u00a0Le verre r\u00e9sistant \u00e0 la chaleur sans plomb est limpide, facile \u00e0 nettoyer \u00a0Corps de pot transparent, adapt\u00e9 \u00e0 une vari\u00e9t\u00e9 de m\u00e9thodes de cuisson, corps de pot plus \u00e9pais, plus fort et plus fort, facile \u00e0 nettoyer sans laisser de taches.<\/p>\n","protected":false},"featured_media":7641,"comment_status":"open","ping_status":"closed","template":"","meta":[],"product_cat":[81,85,94],"product_tag":[],"_links":{"self":[{"href":"https:\/\/test.sunday.ma\/index.php\/wp-json\/wp\/v2\/product\/7640"}],"collection":[{"href":"https:\/\/test.sunday.ma\/index.php\/wp-json\/wp\/v2\/product"}],"about":[{"href":"https:\/\/test.sunday.ma\/index.php\/wp-json\/wp\/v2\/types\/product"}],"replies":[{"embeddable":true,"href":"https:\/\/test.sunday.ma\/index.php\/wp-json\/wp\/v2\/comments?post=7640"}],"wp:featuredmedia":[{"embeddable":true,"href":"https:\/\/test.sunday.ma\/index.php\/wp-json\/wp\/v2\/media\/7641"}],"wp:attachment":[{"href":"https:\/\/test.sunday.ma\/index.php\/wp-json\/wp\/v2\/media?parent=7640"}],"wp:term":[{"taxonomy":"product_cat","embeddable":true,"href":"https:\/\/test.sunday.ma\/index.php\/wp-json\/wp\/v2\/product_cat?post=7640"},{"taxonomy":"product_tag","embeddable":true,"href":"https:\/\/test.sunday.ma\/index.php\/wp-json\/wp\/v2\/product_tag?post=7640"}],"curies":[{"name":"wp","href":"https:\/\/api.w.org\/{rel}","templated":true}]}}