{"id":7628,"date":"2022-09-07T01:40:24","date_gmt":"2022-09-07T01:40:24","guid":{"rendered":"https:\/\/test.sunday.ma\/?post_type=product&#038;p=7628"},"modified":"2023-12-11T09:50:33","modified_gmt":"2023-12-11T09:50:33","slug":"marmite-pour-cuisson-en-verre-avec-poignee-19l","status":"publish","type":"product","link":"https:\/\/test.sunday.ma\/index.php\/product\/marmite-pour-cuisson-en-verre-avec-poignee-19l\/","title":{"rendered":"Marmite pour cuisson 1,6l"},"content":{"rendered":"<p>notre Pot en verre en verre \u00e0 haute teneur en borosilicate r\u00e9sistant \u00e0 la chaleur, peut r\u00e9sister \u00e0 la chaleur soudaine et au froid soudain, durable et s\u00fbr. R\u00e9sistant \u00e0 la chaleur: notre casserole en verre avec couvercle r\u00e9siste \u00e0 la temp\u00e9rature de 0 \u2109 \u00e0 400 \u2109, peut \u00eatre utilis\u00e9e sur la cuisini\u00e8re \u00e0 gaz, le cong\u00e9lateur, le four \u00e0 micro-ondes, la table de cuisson. Lavable au lave-vaisselle. Observez facilement le processus de cuisson sans avoir \u00e0 retirer le couvercle. Verrouillez la saveur, la chaleur et l&#8217;humidit\u00e9 des aliments. Conception Unique: avec doubles poign\u00e9es, vous pouvez transf\u00e9rer le pot en toute s\u00e9curit\u00e9, \u00e9viter de vous br\u00fbler les mains. Avec un petit trou au-dessus du pot, \u00e9vitez les d\u00e9versements d&#8217;eau et gardez votre po\u00eale propre. Facile \u00e0 nettoyer: l&#8217;ensemble de casseroles et po\u00eales en verre ne tache pas et ne retient pas les odeurs comme les ustensiles de cuisine en m\u00e9tal et en plastique. Lavable au lave-vaisselle, \u00e9conomisez votre temps et vos efforts.<\/p>\n","protected":false},"excerpt":{"rendered":"<p><strong>Caract\u00e9ristiques:<\/strong><\/p>\n<ul>\n<li>Verre sans plomb avec un extra-large bouche<\/li>\n<li>Choix sant\u00e9-de qualit\u00e9 Alimentaire s\u00fbr et \u00e9cologique<\/li>\n<li>Non-toxique int\u00e9rieur pour le go\u00fbt et le parfum neutre<\/li>\n<li>Condensation libre<\/li>\n<li data-spm-anchor-id=\"a2700.details.0.i17.4dae112aXr3a0w\">Lavable au lave-vaisselle et r\u00e9sistant \u00e0 la chaleur<\/li>\n<\/ul>\n","protected":false},"featured_media":7629,"comment_status":"open","ping_status":"closed","template":"","meta":[],"product_cat":[85,119],"product_tag":[],"_links":{"self":[{"href":"https:\/\/test.sunday.ma\/index.php\/wp-json\/wp\/v2\/product\/7628"}],"collection":[{"href":"https:\/\/test.sunday.ma\/index.php\/wp-json\/wp\/v2\/product"}],"about":[{"href":"https:\/\/test.sunday.ma\/index.php\/wp-json\/wp\/v2\/types\/product"}],"replies":[{"embeddable":true,"href":"https:\/\/test.sunday.ma\/index.php\/wp-json\/wp\/v2\/comments?post=7628"}],"wp:featuredmedia":[{"embeddable":true,"href":"https:\/\/test.sunday.ma\/index.php\/wp-json\/wp\/v2\/media\/7629"}],"wp:attachment":[{"href":"https:\/\/test.sunday.ma\/index.php\/wp-json\/wp\/v2\/media?parent=7628"}],"wp:term":[{"taxonomy":"product_cat","embeddable":true,"href":"https:\/\/test.sunday.ma\/index.php\/wp-json\/wp\/v2\/product_cat?post=7628"},{"taxonomy":"product_tag","embeddable":true,"href":"https:\/\/test.sunday.ma\/index.php\/wp-json\/wp\/v2\/product_tag?post=7628"}],"curies":[{"name":"wp","href":"https:\/\/api.w.org\/{rel}","templated":true}]}}