{"id":7504,"date":"2022-07-05T20:49:28","date_gmt":"2022-07-05T20:49:28","guid":{"rendered":"https:\/\/test.sunday.ma\/?post_type=product&#038;p=7504"},"modified":"2023-12-11T09:50:33","modified_gmt":"2023-12-11T09:50:33","slug":"intex-aire-de-jeu-arc-en-ciel","status":"publish","type":"product","link":"https:\/\/test.sunday.ma\/index.php\/product\/intex-aire-de-jeu-arc-en-ciel\/","title":{"rendered":"Intex, aire de jeu arc-en-ciel"},"content":{"rendered":"<div class=\"info-line\">Coloris : Multicolore<\/div>\n<div class=\"info-line\">Dimensions : L x l x h : 297 x 193 x 135 cm<\/div>\n<div class=\"info-line\">Hauteur d&#8217;eau : 14 cm<\/div>\n<div class=\"info-line\">Capacit\u00e9 grand bassin : 206 litres<\/div>\n<div class=\"info-line\">Capacit\u00e9 petit bassin : 175 litres<\/div>\n<div class=\"info-line\">Utilisation : Ext\u00e9rieure<\/div>\n<div class=\"info-line\">Poids maximum : 81 kg<\/div>\n<div class=\"info-line\">Age : 2 ans  <\/div>\n<div class=\"info-line\">Inclus : Anneaux gonflables et balles color\u00e9es<\/div>\n<div class=\"info-line\">Mati\u00e8re : PVC<\/div>\n<div class=\"info-line\">Epaisseur Vinyle : 0,30 mm<\/div>\n<div class=\"info-line\">Taille carton : P x l x h : 14,61 x 47,63 x 40,64 cm<\/div>\n<div class=\"info-line\">Poids carton : 7,46 kg<\/div>\n<div class=\"info-line\">Fontaine : Oui, \u00e0 relier \u00e0 un tuyau d&#8217;arrosage<\/div>\n<div><\/div>\n<div><img fetchpriority=\"high\" decoding=\"async\" class=\"alignnone size-medium wp-image-9740\" src=\"https:\/\/sunday.ma\/wp-content\/uploads\/2022\/07\/Ub461e0a9dfa245c594822c64ced59bf2i-300x300.jpg\" alt=\"\" width=\"300\" height=\"300\" \/><\/div>\n<div><img decoding=\"async\" class=\"alignnone size-medium wp-image-9741\" src=\"https:\/\/sunday.ma\/wp-content\/uploads\/2022\/07\/Uc8cdd244122f4b32a89367004e759c0cL-300x294.jpg\" alt=\"\" width=\"300\" height=\"294\" \/><\/div>\n<div><img decoding=\"async\" class=\"alignnone size-medium wp-image-9742\" src=\"https:\/\/sunday.ma\/wp-content\/uploads\/2022\/07\/U50b2499e1f504c9ebff86d3f7c1a259cl-300x259.jpg\" alt=\"\" width=\"300\" height=\"259\" \/><\/div>\n","protected":false},"excerpt":{"rendered":"<p>Avec cette aire de jeux arc en ciel INTEX faites plaisir \u00e0 vos enfants ! Gr\u00e2ce \u00e0 ses grandes dimensions vos bambins auront la possibilit\u00e9 de s&#8217;amuser comme des petits fous. Gr\u00e2ce au tobbogan gonflable et son tapis de r\u00e9ception, ils pourront glisser en toute s\u00e9curit\u00e9.<\/p>\n<p>Dimensions : (L)297 x (l)193 x (h)135 cm<\/p>\n","protected":false},"featured_media":7505,"comment_status":"open","ping_status":"closed","template":"","meta":[],"product_cat":[98,99],"product_tag":[],"_links":{"self":[{"href":"https:\/\/test.sunday.ma\/index.php\/wp-json\/wp\/v2\/product\/7504"}],"collection":[{"href":"https:\/\/test.sunday.ma\/index.php\/wp-json\/wp\/v2\/product"}],"about":[{"href":"https:\/\/test.sunday.ma\/index.php\/wp-json\/wp\/v2\/types\/product"}],"replies":[{"embeddable":true,"href":"https:\/\/test.sunday.ma\/index.php\/wp-json\/wp\/v2\/comments?post=7504"}],"wp:featuredmedia":[{"embeddable":true,"href":"https:\/\/test.sunday.ma\/index.php\/wp-json\/wp\/v2\/media\/7505"}],"wp:attachment":[{"href":"https:\/\/test.sunday.ma\/index.php\/wp-json\/wp\/v2\/media?parent=7504"}],"wp:term":[{"taxonomy":"product_cat","embeddable":true,"href":"https:\/\/test.sunday.ma\/index.php\/wp-json\/wp\/v2\/product_cat?post=7504"},{"taxonomy":"product_tag","embeddable":true,"href":"https:\/\/test.sunday.ma\/index.php\/wp-json\/wp\/v2\/product_tag?post=7504"}],"curies":[{"name":"wp","href":"https:\/\/api.w.org\/{rel}","templated":true}]}}