{"id":7378,"date":"2022-06-19T18:41:32","date_gmt":"2022-06-19T18:41:32","guid":{"rendered":"https:\/\/test.sunday.ma\/?post_type=product&#038;p=7378"},"modified":"2023-12-11T09:50:33","modified_gmt":"2023-12-11T09:50:33","slug":"coquettier-en-porcelaine","status":"publish","type":"product","link":"https:\/\/test.sunday.ma\/index.php\/product\/coquettier-en-porcelaine\/","title":{"rendered":"6 coquettiers en porcelaine"},"content":{"rendered":"<p><span class=\"a-list-item\">Ensemble complet de d\u00e9coration d\u2019\u0153ufs de luxe : le lot de d\u00e9corations pour \u0153ufs a tout ce dont vous avez besoin pour profiter d\u2019un parfait petit-d\u00e9jeuner \u00e0 la coque, simple et facile. Vous obtenez l&#8217;ouvre-coquille d&#8217;\u0153uf de pr\u00e9cision et des coquetiers \u00e9l\u00e9gants en acier inoxydable.<\/span><\/p>\n","protected":false},"excerpt":{"rendered":"<p>Ensemble complet de d\u00e9coration d\u2019\u0153ufs de luxe : le lot de d\u00e9corations pour \u0153ufs a tout ce dont vous avez besoin pour profiter d\u2019un parfait petit-d\u00e9jeuner \u00e0 la coque, simple et facile. Vous obtenez l&#8217;ouvre-coquille d&#8217;\u0153uf de pr\u00e9cision et des coquetiers \u00e9l\u00e9gants en acier inoxydable.<\/p>\n","protected":false},"featured_media":7379,"comment_status":"open","ping_status":"closed","template":"","meta":[],"product_cat":[97,94,121],"product_tag":[],"_links":{"self":[{"href":"https:\/\/test.sunday.ma\/index.php\/wp-json\/wp\/v2\/product\/7378"}],"collection":[{"href":"https:\/\/test.sunday.ma\/index.php\/wp-json\/wp\/v2\/product"}],"about":[{"href":"https:\/\/test.sunday.ma\/index.php\/wp-json\/wp\/v2\/types\/product"}],"replies":[{"embeddable":true,"href":"https:\/\/test.sunday.ma\/index.php\/wp-json\/wp\/v2\/comments?post=7378"}],"wp:featuredmedia":[{"embeddable":true,"href":"https:\/\/test.sunday.ma\/index.php\/wp-json\/wp\/v2\/media\/7379"}],"wp:attachment":[{"href":"https:\/\/test.sunday.ma\/index.php\/wp-json\/wp\/v2\/media?parent=7378"}],"wp:term":[{"taxonomy":"product_cat","embeddable":true,"href":"https:\/\/test.sunday.ma\/index.php\/wp-json\/wp\/v2\/product_cat?post=7378"},{"taxonomy":"product_tag","embeddable":true,"href":"https:\/\/test.sunday.ma\/index.php\/wp-json\/wp\/v2\/product_tag?post=7378"}],"curies":[{"name":"wp","href":"https:\/\/api.w.org\/{rel}","templated":true}]}}