{"id":7094,"date":"2022-05-15T00:57:37","date_gmt":"2022-05-15T00:57:37","guid":{"rendered":"https:\/\/test.sunday.ma\/?post_type=product&#038;p=7094"},"modified":"2023-12-11T09:50:31","modified_gmt":"2023-12-11T09:50:31","slug":"intex-aire-de-jeux-jurassic-249-metres-dinosaure","status":"publish","type":"product","link":"https:\/\/test.sunday.ma\/index.php\/product\/intex-aire-de-jeux-jurassic-249-metres-dinosaure\/","title":{"rendered":"Intex aire de jeux jurassic 2,49 m\u00e8tres DINOSAURE"},"content":{"rendered":"<p><img fetchpriority=\"high\" decoding=\"async\" class=\"alignnone size-medium wp-image-9746\" src=\"https:\/\/sunday.ma\/wp-content\/uploads\/2022\/05\/71C8fuTkxZL._AC_SL1500_-300x215.jpg\" alt=\"\" width=\"300\" height=\"215\" \/><\/p>\n<p><img decoding=\"async\" class=\"alignnone size-medium wp-image-9747\" src=\"https:\/\/sunday.ma\/wp-content\/uploads\/2022\/05\/71u4KC4MwyL._AC_SL1500_-300x300.jpg\" alt=\"\" width=\"300\" height=\"300\" \/><\/p>\n<p><img decoding=\"async\" class=\"alignnone size-medium wp-image-9748\" src=\"https:\/\/sunday.ma\/wp-content\/uploads\/2022\/05\/81wU6RVIQWL._AC_SL1500_-300x300.jpg\" alt=\"\" width=\"300\" height=\"300\" \/><\/p>\n<p><img loading=\"lazy\" decoding=\"async\" class=\"alignnone size-medium wp-image-9749\" src=\"https:\/\/sunday.ma\/wp-content\/uploads\/2022\/05\/8180wDtP-pL._AC_SL1500_-300x300.jpg\" alt=\"\" width=\"300\" height=\"300\" \/><\/p>\n<p>\u2705L&#8217;Intex aire de jeux jurassic est une piscine gonflable pour enfants mesurant 2,49 m\u00e8tres de long sur 1,91 m\u00e8tre de large. Elle est con\u00e7ue dans un th\u00e8me de dinosaures avec des couleurs vives et des motifs r\u00e9alistes de cr\u00e9atures pr\u00e9historiques telles que des tyrannosaures et des pt\u00e9rosaures.<\/p>\n<p>\u2705L&#8217;aire de jeux comprend plusieurs activit\u00e9s pour que les enfants puissent s&#8217;amuser et se divertir. Elle dispose d&#8217;un toboggan, d&#8217;un volcan gonflable avec un anneau de jeu et un petit dinosaure qui crache de l&#8217;eau, d&#8217;une cascade gonflable et d&#8217;un bassin peu profond pour la baignade.<\/p>\n<p>\u2705La piscine est fabriqu\u00e9e \u00e0 partir de mat\u00e9riaux durables et r\u00e9sistants pour assurer sa durabilit\u00e9 et sa s\u00e9curit\u00e9. Elle est \u00e9galement facile \u00e0 gonfler et \u00e0 d\u00e9gonfler pour un rangement pratique apr\u00e8s utilisation.<\/p>\n<p>\u2705En r\u00e9sum\u00e9, l&#8217;Intex aire de jeux jurassic est un choix amusant et ludique pour les enfants qui aiment les dinosaures et l&#8217;eau. Elle offre des heures de divertissement pour les enfants tout en leur permettant de se rafra\u00eechir pendant les chaudes journ\u00e9es d&#8217;\u00e9t\u00e9.<\/p>\n<p>Dimensions : 249(L) x 191(l) x 109(h) cm<\/p>\n<ul>\n<li>Capacit\u00e9 : 310 litres pour une hauteurd\u2019eau de 16 cm<\/li>\n<li>Inclus : 6 balles color\u00e9es<\/li>\n<li>Mode de gonflage : Manuel<\/li>\n<li>Mati\u00e8re: Vinyl<\/li>\n<\/ul>\n<p>&nbsp;<\/p>\n","protected":false},"excerpt":{"rendered":"<p>Avec l\u2019aire de jeux Jurassic INTEX, vos enfants auront la possibilit\u00e9 de glisser sur le tobbogan, d\u2019atterir dans la piscine et de nourrir le dinosaure avec les balles color\u00e9es !<br \/>\nCette aire de jeux gonflable occupera vos bambins tout l\u2019\u00e9t\u00e9 pour le plus grand plaisir des enfants et des parents.<\/p>\n","protected":false},"featured_media":7095,"comment_status":"open","ping_status":"closed","template":"","meta":[],"product_cat":[98,99],"product_tag":[],"_links":{"self":[{"href":"https:\/\/test.sunday.ma\/index.php\/wp-json\/wp\/v2\/product\/7094"}],"collection":[{"href":"https:\/\/test.sunday.ma\/index.php\/wp-json\/wp\/v2\/product"}],"about":[{"href":"https:\/\/test.sunday.ma\/index.php\/wp-json\/wp\/v2\/types\/product"}],"replies":[{"embeddable":true,"href":"https:\/\/test.sunday.ma\/index.php\/wp-json\/wp\/v2\/comments?post=7094"}],"wp:featuredmedia":[{"embeddable":true,"href":"https:\/\/test.sunday.ma\/index.php\/wp-json\/wp\/v2\/media\/7095"}],"wp:attachment":[{"href":"https:\/\/test.sunday.ma\/index.php\/wp-json\/wp\/v2\/media?parent=7094"}],"wp:term":[{"taxonomy":"product_cat","embeddable":true,"href":"https:\/\/test.sunday.ma\/index.php\/wp-json\/wp\/v2\/product_cat?post=7094"},{"taxonomy":"product_tag","embeddable":true,"href":"https:\/\/test.sunday.ma\/index.php\/wp-json\/wp\/v2\/product_tag?post=7094"}],"curies":[{"name":"wp","href":"https:\/\/api.w.org\/{rel}","templated":true}]}}