{"id":6881,"date":"2022-04-10T13:57:41","date_gmt":"2022-04-10T13:57:41","guid":{"rendered":"https:\/\/test.sunday.ma\/?post_type=product&#038;p=6881"},"modified":"2023-12-11T09:50:29","modified_gmt":"2023-12-11T09:50:29","slug":"assiette-de-presentation-et-sa-sauciere","status":"publish","type":"product","link":"https:\/\/test.sunday.ma\/index.php\/product\/assiette-de-presentation-et-sa-sauciere\/","title":{"rendered":"Assiette de pr\u00e9sentation et sa sauci\u00e8re"},"content":{"rendered":"","protected":false},"excerpt":{"rendered":"<p align=\"LEFT\">D\u00e9couvrez cette assiette de pr\u00e9sentation et sa sauci\u00e8re. En porcelaine et avec son motif marbr\u00e9 elle apporte une touche d&#8217;\u00e9l\u00e9gance et de modernit\u00e9 sur vos tables. Pour des recettes sal\u00e9s ou sucr\u00e9s elle trouvera sa place dans votre cuisine.<\/p>\n<p align=\"LEFT\"><i>Caract\u00e9ristiques: poids net: 600g, dimensions du plateau: 26cm x 15cm, dimensions de la coupelle: 9cm x 4,5cm<\/i><\/p>\n","protected":false},"featured_media":6882,"comment_status":"open","ping_status":"closed","template":"","meta":[],"product_cat":[117,97,119,94,121],"product_tag":[],"_links":{"self":[{"href":"https:\/\/test.sunday.ma\/index.php\/wp-json\/wp\/v2\/product\/6881"}],"collection":[{"href":"https:\/\/test.sunday.ma\/index.php\/wp-json\/wp\/v2\/product"}],"about":[{"href":"https:\/\/test.sunday.ma\/index.php\/wp-json\/wp\/v2\/types\/product"}],"replies":[{"embeddable":true,"href":"https:\/\/test.sunday.ma\/index.php\/wp-json\/wp\/v2\/comments?post=6881"}],"wp:featuredmedia":[{"embeddable":true,"href":"https:\/\/test.sunday.ma\/index.php\/wp-json\/wp\/v2\/media\/6882"}],"wp:attachment":[{"href":"https:\/\/test.sunday.ma\/index.php\/wp-json\/wp\/v2\/media?parent=6881"}],"wp:term":[{"taxonomy":"product_cat","embeddable":true,"href":"https:\/\/test.sunday.ma\/index.php\/wp-json\/wp\/v2\/product_cat?post=6881"},{"taxonomy":"product_tag","embeddable":true,"href":"https:\/\/test.sunday.ma\/index.php\/wp-json\/wp\/v2\/product_tag?post=6881"}],"curies":[{"name":"wp","href":"https:\/\/api.w.org\/{rel}","templated":true}]}}