{"id":6872,"date":"2022-04-09T23:32:23","date_gmt":"2022-04-09T23:32:23","guid":{"rendered":"https:\/\/test.sunday.ma\/?post_type=product&#038;p=6872"},"modified":"2023-12-11T09:50:29","modified_gmt":"2023-12-11T09:50:29","slug":"bonbonniere-3-etages-superposes","status":"publish","type":"product","link":"https:\/\/test.sunday.ma\/index.php\/product\/bonbonniere-3-etages-superposes\/","title":{"rendered":"Bonbonni\u00e8re 3 \u00e9tages superpos\u00e9s"},"content":{"rendered":"<p><a href=\"https:\/\/sunday.ma\/wp-content\/uploads\/2022\/04\/bonboniere.jpg\"><img fetchpriority=\"high\" decoding=\"async\" class=\"alignnone size-medium wp-image-6874\" src=\"https:\/\/sunday.ma\/wp-content\/uploads\/2022\/04\/bonboniere-300x300.jpg\" alt=\"\" width=\"300\" height=\"300\" \/><\/a><\/p>\n","protected":false},"excerpt":{"rendered":"<p>&nbsp;<\/p>\n<div class=\"content-desc-details\">\n<div class=\"col-left\">\n<div class=\"desc-content\">\n<h3 class=\"costum-list-style\">Description du produit<\/h3>\n<p>Bonbonni\u00e8re compos\u00e9e de 3 \u00e9tages superpos\u00e9s, Cette bonbonni\u00e8re transparente est tr\u00e8s pratique avec ses 3 \u00e9tages<\/p>\n<p>D\u00e9tails produits :<br \/>\n&#8211; Dimensions : 11x11x17,5cm<\/p>\n<\/div>\n<\/div>\n<\/div>\n","protected":false},"featured_media":6873,"comment_status":"open","ping_status":"closed","template":"","meta":[],"product_cat":[117,124],"product_tag":[],"_links":{"self":[{"href":"https:\/\/test.sunday.ma\/index.php\/wp-json\/wp\/v2\/product\/6872"}],"collection":[{"href":"https:\/\/test.sunday.ma\/index.php\/wp-json\/wp\/v2\/product"}],"about":[{"href":"https:\/\/test.sunday.ma\/index.php\/wp-json\/wp\/v2\/types\/product"}],"replies":[{"embeddable":true,"href":"https:\/\/test.sunday.ma\/index.php\/wp-json\/wp\/v2\/comments?post=6872"}],"wp:featuredmedia":[{"embeddable":true,"href":"https:\/\/test.sunday.ma\/index.php\/wp-json\/wp\/v2\/media\/6873"}],"wp:attachment":[{"href":"https:\/\/test.sunday.ma\/index.php\/wp-json\/wp\/v2\/media?parent=6872"}],"wp:term":[{"taxonomy":"product_cat","embeddable":true,"href":"https:\/\/test.sunday.ma\/index.php\/wp-json\/wp\/v2\/product_cat?post=6872"},{"taxonomy":"product_tag","embeddable":true,"href":"https:\/\/test.sunday.ma\/index.php\/wp-json\/wp\/v2\/product_tag?post=6872"}],"curies":[{"name":"wp","href":"https:\/\/api.w.org\/{rel}","templated":true}]}}