{"id":6824,"date":"2022-04-03T17:12:21","date_gmt":"2022-04-03T17:12:21","guid":{"rendered":"https:\/\/test.sunday.ma\/?post_type=product&#038;p=6824"},"modified":"2023-12-11T09:50:29","modified_gmt":"2023-12-11T09:50:29","slug":"boite-a-fromage-beurrier-bambou-24cm-naturel","status":"publish","type":"product","link":"https:\/\/test.sunday.ma\/index.php\/product\/boite-a-fromage-beurrier-bambou-24cm-naturel\/","title":{"rendered":"Bo\u00eete \u00e0 Fromage &#038; Beurrier &#8220;Bambou&#8221; 24cm Naturel"},"content":{"rendered":"<p>Informations Techniques :<\/p>\n<ul>\n<li>Dimensions : L. 24 x l. 18,5 x H. 7,5 cm<\/li>\n<li>Beurrier : L. 19 x l. 12,5 x H. 6 cm<\/li>\n<li>Bo\u00eete \u00e0 Fromage : L. 24 x l. 18,5 x H. 7,5 cm<\/li>\n<li><strong>Mati\u00e8re\u00a0<\/strong>: Bambou &amp; Polystyr\u00e8ne<\/li>\n<li><strong>Sp\u00e9cificit\u00e9s :<\/strong><\/li>\n<li>Design &amp; Original<\/li>\n<li>Bo\u00eete \u00e0 Fromage &amp; Beurrier<\/li>\n<li>Forme Rectangulaire<\/li>\n<li><strong>Poids :\u00a0<\/strong>0,656 kg<\/li>\n<li><strong>Couleur : Naturel<\/strong><\/li>\n<\/ul>\n","protected":false},"excerpt":{"rendered":"<p>Informations Techniques : Dimensions : L. 24 x l. 18,5 x H. 7,5 cm Beurrier : L. 19 x l. 12,5 x H. 6 cm Bo\u00eete \u00e0 Fromage : L. 24 x l. 18,5 x H. 7,5 cm Mati\u00e8re\u00a0: Bambou &amp; Polystyr\u00e8ne Sp\u00e9cificit\u00e9s : Design &amp; Original Bo\u00eete \u00e0 Fromage &amp; Beurrier Forme Rectangulaire Poids [&hellip;]<\/p>\n","protected":false},"featured_media":6825,"comment_status":"open","ping_status":"closed","template":"","meta":[],"product_cat":[128,89,81],"product_tag":[],"_links":{"self":[{"href":"https:\/\/test.sunday.ma\/index.php\/wp-json\/wp\/v2\/product\/6824"}],"collection":[{"href":"https:\/\/test.sunday.ma\/index.php\/wp-json\/wp\/v2\/product"}],"about":[{"href":"https:\/\/test.sunday.ma\/index.php\/wp-json\/wp\/v2\/types\/product"}],"replies":[{"embeddable":true,"href":"https:\/\/test.sunday.ma\/index.php\/wp-json\/wp\/v2\/comments?post=6824"}],"wp:featuredmedia":[{"embeddable":true,"href":"https:\/\/test.sunday.ma\/index.php\/wp-json\/wp\/v2\/media\/6825"}],"wp:attachment":[{"href":"https:\/\/test.sunday.ma\/index.php\/wp-json\/wp\/v2\/media?parent=6824"}],"wp:term":[{"taxonomy":"product_cat","embeddable":true,"href":"https:\/\/test.sunday.ma\/index.php\/wp-json\/wp\/v2\/product_cat?post=6824"},{"taxonomy":"product_tag","embeddable":true,"href":"https:\/\/test.sunday.ma\/index.php\/wp-json\/wp\/v2\/product_tag?post=6824"}],"curies":[{"name":"wp","href":"https:\/\/api.w.org\/{rel}","templated":true}]}}