{"id":6819,"date":"2022-04-03T00:12:14","date_gmt":"2022-04-03T00:12:14","guid":{"rendered":"https:\/\/test.sunday.ma\/?post_type=product&#038;p=6819"},"modified":"2023-12-11T09:50:28","modified_gmt":"2023-12-11T09:50:28","slug":"lot-de-6-pots-dassaisonnement-boite-dassaisonnement-sel-de-poulet-poivre-piment-nouilles-boite-dassaisonnement-ensemble-de-menage-stockage-de-cuisine","status":"publish","type":"product","link":"https:\/\/test.sunday.ma\/index.php\/product\/lot-de-6-pots-dassaisonnement-boite-dassaisonnement-sel-de-poulet-poivre-piment-nouilles-boite-dassaisonnement-ensemble-de-menage-stockage-de-cuisine\/","title":{"rendered":"Lot de 6 Pots d&#8217;assaisonnement bo\u00eete d&#8217;assaisonnement sel de poulet, poivre, piment, nouilles, bo\u00eete d&#8217;assaisonnement, ensemble de m\u00e9nage, stockage de cuisine"},"content":{"rendered":"<ul>\n<li>6 boites   un support<\/li>\n<li>couleur : transparent avec d\u00e9cor tr\u00e8s chique.<\/li>\n<li>mati\u00e8re : verre \/ inox<\/li>\n<li>capacit\u00e9 : 250ml<\/li>\n<\/ul>\n","protected":false},"excerpt":{"rendered":"<p>Ensemble de bo\u00eetes de rangement contient 6 x 250 ml , Les pots de rangement en verre transparent peuvent r\u00e9pondre \u00e0 la plupart de vos besoins de rangement de cuisine. ils vous permet d\u2019identifier rapidement les aliments stock\u00e9s et d\u2019\u00e9conomiser du temps et de l\u2019\u00e9nergie. r\u00e9sistant \u00e0 la chaleur et le couvercle en bambou est entour\u00e9 d\u2019une r\u00e9sine de silicone ronde, qui peut \u00eatre scell\u00e9e pour garder les aliments frais et \u00e9viter l\u2019humidit\u00e9 et les insectes.<br \/>\nces pots ne conviennent pas seulement pour stocker des aliments humides (sauces \/ confiture \/ fruits coup\u00e9s), mais aussi des aliments secs (haricots), des produits de boulangerie (sel \/ sucre), des plantes m\u00e9dicinales, du th\u00e9 et des \u00e9pices ou d\u2019autres ingr\u00e9dients. Il peut \u00e9galement \u00eatre utilis\u00e9 comme ensemble de pots \u00e0 cookies<\/p>\n","protected":false},"featured_media":6820,"comment_status":"open","ping_status":"closed","template":"","meta":[],"product_cat":[89,95,94],"product_tag":[],"_links":{"self":[{"href":"https:\/\/test.sunday.ma\/index.php\/wp-json\/wp\/v2\/product\/6819"}],"collection":[{"href":"https:\/\/test.sunday.ma\/index.php\/wp-json\/wp\/v2\/product"}],"about":[{"href":"https:\/\/test.sunday.ma\/index.php\/wp-json\/wp\/v2\/types\/product"}],"replies":[{"embeddable":true,"href":"https:\/\/test.sunday.ma\/index.php\/wp-json\/wp\/v2\/comments?post=6819"}],"wp:featuredmedia":[{"embeddable":true,"href":"https:\/\/test.sunday.ma\/index.php\/wp-json\/wp\/v2\/media\/6820"}],"wp:attachment":[{"href":"https:\/\/test.sunday.ma\/index.php\/wp-json\/wp\/v2\/media?parent=6819"}],"wp:term":[{"taxonomy":"product_cat","embeddable":true,"href":"https:\/\/test.sunday.ma\/index.php\/wp-json\/wp\/v2\/product_cat?post=6819"},{"taxonomy":"product_tag","embeddable":true,"href":"https:\/\/test.sunday.ma\/index.php\/wp-json\/wp\/v2\/product_tag?post=6819"}],"curies":[{"name":"wp","href":"https:\/\/api.w.org\/{rel}","templated":true}]}}