{"id":6813,"date":"2022-04-02T13:54:49","date_gmt":"2022-04-02T13:54:49","guid":{"rendered":"https:\/\/test.sunday.ma\/?post_type=product&#038;p=6813"},"modified":"2023-12-11T09:50:28","modified_gmt":"2023-12-11T09:50:28","slug":"pot-en-verre-hermetique-de-700ml","status":"publish","type":"product","link":"https:\/\/test.sunday.ma\/index.php\/product\/pot-en-verre-hermetique-de-700ml\/","title":{"rendered":"Pot en verre herm\u00e9tique de 700ML"},"content":{"rendered":"<div>\n<div class=\"product-overview\">\n<div id=\"product-description\" class=\"product-description\" data-spm=\"1000023\">\n<div class=\"origin-part box-sizing\">\n<div class=\"detailmodule_html\">\n<div class=\"detail-desc-decorate-richtext\" data-spm-anchor-id=\"a2g0o.detail.1000023.i0.61b77ffdTS5v4V\">Pot en verre herm\u00e9tique en bambou de 700ML, verre 14&#215;10,8&#215;10,8<\/div>\n<\/div>\n<\/div>\n<\/div>\n<\/div>\n<\/div>\n<div data-spm=\"1000024\"><\/div>\n","protected":false},"excerpt":{"rendered":"<p>\u2705 CONSERVEZ LA NOURRITURE AVEC \u00c9L\u00c9GANCE &#8211; D\u00e9sencombrer votre cuisine avec notre magnifique organisateur en verre. Son couvercle en bambou et son verre transparent sont parfaits pour les cuisines modernes ou rustiques.<\/p>\n<p>\u2705 UNE ORGANISATION COMPL\u00c8TE DE LA CUISINE &#8211; Ranger votre cuisine avec notre coffret de 4 organisateurs en verre sans bisph\u00e9nol A. Chaque bocal a une taille diff\u00e9rente, permettant de conserver diff\u00e9rentes tailles d\u2019aliments, des bonbons jusqu\u2019aux spaghettis.<\/p>\n<p><span style=\"color: #ff0000;\">Si vous avez re\u00e7u les bouteilles cass\u00e9es, nous offrons un remboursement complet ou un nouvel envoi.<\/span><\/p>\n","protected":false},"featured_media":6814,"comment_status":"open","ping_status":"closed","template":"","meta":[],"product_cat":[89],"product_tag":[],"_links":{"self":[{"href":"https:\/\/test.sunday.ma\/index.php\/wp-json\/wp\/v2\/product\/6813"}],"collection":[{"href":"https:\/\/test.sunday.ma\/index.php\/wp-json\/wp\/v2\/product"}],"about":[{"href":"https:\/\/test.sunday.ma\/index.php\/wp-json\/wp\/v2\/types\/product"}],"replies":[{"embeddable":true,"href":"https:\/\/test.sunday.ma\/index.php\/wp-json\/wp\/v2\/comments?post=6813"}],"wp:featuredmedia":[{"embeddable":true,"href":"https:\/\/test.sunday.ma\/index.php\/wp-json\/wp\/v2\/media\/6814"}],"wp:attachment":[{"href":"https:\/\/test.sunday.ma\/index.php\/wp-json\/wp\/v2\/media?parent=6813"}],"wp:term":[{"taxonomy":"product_cat","embeddable":true,"href":"https:\/\/test.sunday.ma\/index.php\/wp-json\/wp\/v2\/product_cat?post=6813"},{"taxonomy":"product_tag","embeddable":true,"href":"https:\/\/test.sunday.ma\/index.php\/wp-json\/wp\/v2\/product_tag?post=6813"}],"curies":[{"name":"wp","href":"https:\/\/api.w.org\/{rel}","templated":true}]}}