{"id":6777,"date":"2022-03-28T18:34:30","date_gmt":"2022-03-28T18:34:30","guid":{"rendered":"https:\/\/test.sunday.ma\/?post_type=product&#038;p=6777"},"modified":"2023-12-11T09:50:26","modified_gmt":"2023-12-11T09:50:26","slug":"presentoir-a-gateaux-en-ceramique-avec-couvercle","status":"publish","type":"product","link":"https:\/\/test.sunday.ma\/index.php\/product\/presentoir-a-gateaux-en-ceramique-avec-couvercle\/","title":{"rendered":"Pr\u00e9sentoir \u00e0 g\u00e2teaux en c\u00e9ramique avec couvercle"},"content":{"rendered":"","protected":false},"excerpt":{"rendered":"<p>Dmiension: 30x16cm<\/p>\n<p>&nbsp;<\/p>\n<p>&nbsp;<\/p>\n","protected":false},"featured_media":6778,"comment_status":"open","ping_status":"closed","template":"","meta":[],"product_cat":[127],"product_tag":[],"_links":{"self":[{"href":"https:\/\/test.sunday.ma\/index.php\/wp-json\/wp\/v2\/product\/6777"}],"collection":[{"href":"https:\/\/test.sunday.ma\/index.php\/wp-json\/wp\/v2\/product"}],"about":[{"href":"https:\/\/test.sunday.ma\/index.php\/wp-json\/wp\/v2\/types\/product"}],"replies":[{"embeddable":true,"href":"https:\/\/test.sunday.ma\/index.php\/wp-json\/wp\/v2\/comments?post=6777"}],"wp:featuredmedia":[{"embeddable":true,"href":"https:\/\/test.sunday.ma\/index.php\/wp-json\/wp\/v2\/media\/6778"}],"wp:attachment":[{"href":"https:\/\/test.sunday.ma\/index.php\/wp-json\/wp\/v2\/media?parent=6777"}],"wp:term":[{"taxonomy":"product_cat","embeddable":true,"href":"https:\/\/test.sunday.ma\/index.php\/wp-json\/wp\/v2\/product_cat?post=6777"},{"taxonomy":"product_tag","embeddable":true,"href":"https:\/\/test.sunday.ma\/index.php\/wp-json\/wp\/v2\/product_tag?post=6777"}],"curies":[{"name":"wp","href":"https:\/\/api.w.org\/{rel}","templated":true}]}}