{"id":6770,"date":"2022-03-28T18:17:10","date_gmt":"2022-03-28T18:17:10","guid":{"rendered":"https:\/\/test.sunday.ma\/?post_type=product&#038;p=6770"},"modified":"2023-12-11T09:50:24","modified_gmt":"2023-12-11T09:50:24","slug":"presentoir-gateau-biscuits-en-ceramique-2-etages","status":"publish","type":"product","link":"https:\/\/test.sunday.ma\/index.php\/product\/presentoir-gateau-biscuits-en-ceramique-2-etages\/","title":{"rendered":"Pr\u00e9sentoir g\u00e2teau, biscuits en c\u00e9ramique 2 \u00e9tages ROSEHIP"},"content":{"rendered":"","protected":false},"excerpt":{"rendered":"<div><\/div>\n<div>Diam\u00e8tre de la plaque sup\u00e9rieure\u00a0: 19\u00a0cm, diam\u00e8tre de la plaque inf\u00e9rieure\u00a0: 26\u00a0cm<\/div>\n","protected":false},"featured_media":6771,"comment_status":"open","ping_status":"closed","template":"","meta":[],"product_cat":[127],"product_tag":[],"_links":{"self":[{"href":"https:\/\/test.sunday.ma\/index.php\/wp-json\/wp\/v2\/product\/6770"}],"collection":[{"href":"https:\/\/test.sunday.ma\/index.php\/wp-json\/wp\/v2\/product"}],"about":[{"href":"https:\/\/test.sunday.ma\/index.php\/wp-json\/wp\/v2\/types\/product"}],"replies":[{"embeddable":true,"href":"https:\/\/test.sunday.ma\/index.php\/wp-json\/wp\/v2\/comments?post=6770"}],"wp:featuredmedia":[{"embeddable":true,"href":"https:\/\/test.sunday.ma\/index.php\/wp-json\/wp\/v2\/media\/6771"}],"wp:attachment":[{"href":"https:\/\/test.sunday.ma\/index.php\/wp-json\/wp\/v2\/media?parent=6770"}],"wp:term":[{"taxonomy":"product_cat","embeddable":true,"href":"https:\/\/test.sunday.ma\/index.php\/wp-json\/wp\/v2\/product_cat?post=6770"},{"taxonomy":"product_tag","embeddable":true,"href":"https:\/\/test.sunday.ma\/index.php\/wp-json\/wp\/v2\/product_tag?post=6770"}],"curies":[{"name":"wp","href":"https:\/\/api.w.org\/{rel}","templated":true}]}}