{"id":6738,"date":"2022-03-26T18:10:26","date_gmt":"2022-03-26T18:10:26","guid":{"rendered":"https:\/\/test.sunday.ma\/?post_type=product&#038;p=6738"},"modified":"2023-12-11T09:50:23","modified_gmt":"2023-12-11T09:50:23","slug":"tasse-a-cafe-et-soucoupe-a-chauffage-electrique","status":"publish","type":"product","link":"https:\/\/test.sunday.ma\/index.php\/product\/tasse-a-cafe-et-soucoupe-a-chauffage-electrique\/","title":{"rendered":"Tasse \u00e0 caf\u00e9 et soucoupe \u00e0 chauffage \u00e9lectrique"},"content":{"rendered":"<ul>\n<li style=\"list-style-type: none;\">\n<ul>\n<li>Taille: 165*120mm (comme image)<br \/>\nMat\u00e9riau: alliage d&#8217;aluminium   verre tremp\u00e9<\/li>\n<\/ul>\n<\/li>\n<\/ul>\n<p><img fetchpriority=\"high\" decoding=\"async\" class=\"alignnone size-medium wp-image-7006\" src=\"https:\/\/sunday.ma\/wp-content\/uploads\/2022\/03\/chauffe-tasse-300x300.jpg\" alt=\"\" width=\"300\" height=\"300\" \/> <img decoding=\"async\" class=\"alignnone size-medium wp-image-7007\" src=\"https:\/\/sunday.ma\/wp-content\/uploads\/2022\/03\/chauffe-tasse-2-300x300.jpg\" alt=\"\" width=\"300\" height=\"300\" \/><\/p>\n","protected":false},"excerpt":{"rendered":"<ul>\n<li>Avec une contenance de 360 ml, cette tasse est l&#8217;ustensile id\u00e9al pour vous accompagner lors de la prise de votre petit d\u00e9jeuner matinal (th\u00e9, caf\u00e9, lait). Sp\u00e9cialement fabriqu\u00e9e \u00e0 base de c\u00e9ramique de haute qualit\u00e9, elle est assortie d\u2019un couvercle, d\u2019une cuill\u00e8re ainsi que d\u2019un chauffe-tasse efficace qui saura maintenir vos diff\u00e9rentes boissons au chaud. Simple et facile \u00e0 transporter, ces diff\u00e9rents accessoires peuvent \u00eatre emport\u00e9 partout, y compris au bureau.<\/li>\n<\/ul>\n","protected":false},"featured_media":6739,"comment_status":"open","ping_status":"closed","template":"","meta":[],"product_cat":[101,122,119],"product_tag":[],"_links":{"self":[{"href":"https:\/\/test.sunday.ma\/index.php\/wp-json\/wp\/v2\/product\/6738"}],"collection":[{"href":"https:\/\/test.sunday.ma\/index.php\/wp-json\/wp\/v2\/product"}],"about":[{"href":"https:\/\/test.sunday.ma\/index.php\/wp-json\/wp\/v2\/types\/product"}],"replies":[{"embeddable":true,"href":"https:\/\/test.sunday.ma\/index.php\/wp-json\/wp\/v2\/comments?post=6738"}],"wp:featuredmedia":[{"embeddable":true,"href":"https:\/\/test.sunday.ma\/index.php\/wp-json\/wp\/v2\/media\/6739"}],"wp:attachment":[{"href":"https:\/\/test.sunday.ma\/index.php\/wp-json\/wp\/v2\/media?parent=6738"}],"wp:term":[{"taxonomy":"product_cat","embeddable":true,"href":"https:\/\/test.sunday.ma\/index.php\/wp-json\/wp\/v2\/product_cat?post=6738"},{"taxonomy":"product_tag","embeddable":true,"href":"https:\/\/test.sunday.ma\/index.php\/wp-json\/wp\/v2\/product_tag?post=6738"}],"curies":[{"name":"wp","href":"https:\/\/api.w.org\/{rel}","templated":true}]}}