{"id":6223,"date":"2022-02-06T15:06:15","date_gmt":"2022-02-06T15:06:15","guid":{"rendered":"https:\/\/test.sunday.ma\/?post_type=product&#038;p=6223"},"modified":"2023-12-11T09:50:21","modified_gmt":"2023-12-11T09:50:21","slug":"boite-en-verre-pour-pates-cafe-sucre-et-the-avec-couvercle","status":"publish","type":"product","link":"https:\/\/test.sunday.ma\/index.php\/product\/boite-en-verre-pour-pates-cafe-sucre-et-the-avec-couvercle\/","title":{"rendered":"Bo\u00eete en verre pour p\u00e2tes, caf\u00e9, sucre et th\u00e9 avec couvercle"},"content":{"rendered":"","protected":false},"excerpt":{"rendered":"<p>Contenant en verre de qualit\u00e9 alimentaire avec S\/S couvercle et le bouchon pour fins de stockage des aliments<\/p>\n","protected":false},"featured_media":6224,"comment_status":"open","ping_status":"closed","template":"","meta":[],"product_cat":[89,95,94],"product_tag":[],"_links":{"self":[{"href":"https:\/\/test.sunday.ma\/index.php\/wp-json\/wp\/v2\/product\/6223"}],"collection":[{"href":"https:\/\/test.sunday.ma\/index.php\/wp-json\/wp\/v2\/product"}],"about":[{"href":"https:\/\/test.sunday.ma\/index.php\/wp-json\/wp\/v2\/types\/product"}],"replies":[{"embeddable":true,"href":"https:\/\/test.sunday.ma\/index.php\/wp-json\/wp\/v2\/comments?post=6223"}],"wp:featuredmedia":[{"embeddable":true,"href":"https:\/\/test.sunday.ma\/index.php\/wp-json\/wp\/v2\/media\/6224"}],"wp:attachment":[{"href":"https:\/\/test.sunday.ma\/index.php\/wp-json\/wp\/v2\/media?parent=6223"}],"wp:term":[{"taxonomy":"product_cat","embeddable":true,"href":"https:\/\/test.sunday.ma\/index.php\/wp-json\/wp\/v2\/product_cat?post=6223"},{"taxonomy":"product_tag","embeddable":true,"href":"https:\/\/test.sunday.ma\/index.php\/wp-json\/wp\/v2\/product_tag?post=6223"}],"curies":[{"name":"wp","href":"https:\/\/api.w.org\/{rel}","templated":true}]}}