{"id":6159,"date":"2022-02-02T15:13:38","date_gmt":"2022-02-02T15:13:38","guid":{"rendered":"https:\/\/test.sunday.ma\/?post_type=product&#038;p=6159"},"modified":"2023-12-11T09:50:20","modified_gmt":"2023-12-11T09:50:20","slug":"bouilloire-sifflante-3-5-l","status":"publish","type":"product","link":"https:\/\/test.sunday.ma\/index.php\/product\/bouilloire-sifflante-3-5-l\/","title":{"rendered":"Bouilloire sifflante 3.5 L"},"content":{"rendered":"","protected":false},"excerpt":{"rendered":"<p>La bouilloire sifflante 3.5 L &#8211; de la marque italy home est pratique et esth\u00e9tique avec son look r\u00e9tro. Elle \u00e9met un sifflement m\u00e9lodieux lorsque l&#8217;eau est chaude. Plus pr\u00e9cise que la bouilloire \u00e9lectrique, cette bouilloire sifflante vous rappelera vos go\u00fbters d&#8217;enfant et vous permettra de pr\u00e9parer un th\u00e9 ou une boisson<\/p>\n","protected":false},"featured_media":6160,"comment_status":"open","ping_status":"closed","template":"","meta":[],"product_cat":[81,126,94],"product_tag":[],"_links":{"self":[{"href":"https:\/\/test.sunday.ma\/index.php\/wp-json\/wp\/v2\/product\/6159"}],"collection":[{"href":"https:\/\/test.sunday.ma\/index.php\/wp-json\/wp\/v2\/product"}],"about":[{"href":"https:\/\/test.sunday.ma\/index.php\/wp-json\/wp\/v2\/types\/product"}],"replies":[{"embeddable":true,"href":"https:\/\/test.sunday.ma\/index.php\/wp-json\/wp\/v2\/comments?post=6159"}],"wp:featuredmedia":[{"embeddable":true,"href":"https:\/\/test.sunday.ma\/index.php\/wp-json\/wp\/v2\/media\/6160"}],"wp:attachment":[{"href":"https:\/\/test.sunday.ma\/index.php\/wp-json\/wp\/v2\/media?parent=6159"}],"wp:term":[{"taxonomy":"product_cat","embeddable":true,"href":"https:\/\/test.sunday.ma\/index.php\/wp-json\/wp\/v2\/product_cat?post=6159"},{"taxonomy":"product_tag","embeddable":true,"href":"https:\/\/test.sunday.ma\/index.php\/wp-json\/wp\/v2\/product_tag?post=6159"}],"curies":[{"name":"wp","href":"https:\/\/api.w.org\/{rel}","templated":true}]}}