{"id":6155,"date":"2022-02-02T13:01:39","date_gmt":"2022-02-02T13:01:39","guid":{"rendered":"https:\/\/test.sunday.ma\/?post_type=product&#038;p=6155"},"modified":"2023-12-11T09:50:20","modified_gmt":"2023-12-11T09:50:20","slug":"batteur-electrique-a-main","status":"publish","type":"product","link":"https:\/\/test.sunday.ma\/index.php\/product\/batteur-electrique-a-main\/","title":{"rendered":"Batteur \u00e9lectrique \u00e0 main 2&#215;1 &#8211; 6 vitesses"},"content":{"rendered":"","protected":false},"excerpt":{"rendered":"<p>Mod\u00e8le: Batteur \u00e0 main<br \/>\nPoids (kg): 0.7<br \/>\nCouleur: blanc \/ vert<\/p>\n","protected":false},"featured_media":6156,"comment_status":"open","ping_status":"closed","template":"","meta":[],"product_cat":[81,126,94],"product_tag":[],"_links":{"self":[{"href":"https:\/\/test.sunday.ma\/index.php\/wp-json\/wp\/v2\/product\/6155"}],"collection":[{"href":"https:\/\/test.sunday.ma\/index.php\/wp-json\/wp\/v2\/product"}],"about":[{"href":"https:\/\/test.sunday.ma\/index.php\/wp-json\/wp\/v2\/types\/product"}],"replies":[{"embeddable":true,"href":"https:\/\/test.sunday.ma\/index.php\/wp-json\/wp\/v2\/comments?post=6155"}],"wp:featuredmedia":[{"embeddable":true,"href":"https:\/\/test.sunday.ma\/index.php\/wp-json\/wp\/v2\/media\/6156"}],"wp:attachment":[{"href":"https:\/\/test.sunday.ma\/index.php\/wp-json\/wp\/v2\/media?parent=6155"}],"wp:term":[{"taxonomy":"product_cat","embeddable":true,"href":"https:\/\/test.sunday.ma\/index.php\/wp-json\/wp\/v2\/product_cat?post=6155"},{"taxonomy":"product_tag","embeddable":true,"href":"https:\/\/test.sunday.ma\/index.php\/wp-json\/wp\/v2\/product_tag?post=6155"}],"curies":[{"name":"wp","href":"https:\/\/api.w.org\/{rel}","templated":true}]}}