{"id":6141,"date":"2022-02-01T22:07:38","date_gmt":"2022-02-01T22:07:38","guid":{"rendered":"https:\/\/test.sunday.ma\/?post_type=product&#038;p=6141"},"modified":"2023-12-11T09:50:19","modified_gmt":"2023-12-11T09:50:19","slug":"bouilloire-electrique-en-verre","status":"publish","type":"product","link":"https:\/\/test.sunday.ma\/index.php\/product\/bouilloire-electrique-en-verre\/","title":{"rendered":"Bouilloire \u00e9lectrique en verre"},"content":{"rendered":"","protected":false},"excerpt":{"rendered":"<p>Bouilloire en verre \u00e9lectrique Bouilloire en verre robuste de grande durabilit\u00e9 et r\u00e9sistant aux t\u00e2ches ; Bouilloire gradu\u00e9e avec un capacit\u00e9 2 litres ; Bouilloire Rapide : L\u2019eau se r\u00e9chauffe rapidement S\u00e9curit\u00e9 &amp; Arr\u00eat automatique : Equip\u00e9e de la technologie top thermostat, la bouilloire en verre s\u2019\u00e9teint automatiquement lorsque l\u2019eau est bouillie<\/p>\n","protected":false},"featured_media":6142,"comment_status":"open","ping_status":"closed","template":"","meta":[],"product_cat":[81,126,94],"product_tag":[],"_links":{"self":[{"href":"https:\/\/test.sunday.ma\/index.php\/wp-json\/wp\/v2\/product\/6141"}],"collection":[{"href":"https:\/\/test.sunday.ma\/index.php\/wp-json\/wp\/v2\/product"}],"about":[{"href":"https:\/\/test.sunday.ma\/index.php\/wp-json\/wp\/v2\/types\/product"}],"replies":[{"embeddable":true,"href":"https:\/\/test.sunday.ma\/index.php\/wp-json\/wp\/v2\/comments?post=6141"}],"wp:featuredmedia":[{"embeddable":true,"href":"https:\/\/test.sunday.ma\/index.php\/wp-json\/wp\/v2\/media\/6142"}],"wp:attachment":[{"href":"https:\/\/test.sunday.ma\/index.php\/wp-json\/wp\/v2\/media?parent=6141"}],"wp:term":[{"taxonomy":"product_cat","embeddable":true,"href":"https:\/\/test.sunday.ma\/index.php\/wp-json\/wp\/v2\/product_cat?post=6141"},{"taxonomy":"product_tag","embeddable":true,"href":"https:\/\/test.sunday.ma\/index.php\/wp-json\/wp\/v2\/product_tag?post=6141"}],"curies":[{"name":"wp","href":"https:\/\/api.w.org\/{rel}","templated":true}]}}