{"id":6132,"date":"2022-02-01T21:50:12","date_gmt":"2022-02-01T21:50:12","guid":{"rendered":"https:\/\/test.sunday.ma\/?post_type=product&#038;p=6132"},"modified":"2023-12-11T09:50:18","modified_gmt":"2023-12-11T09:50:18","slug":"machine-manuelle-de-fabrication-de-pates-en-acier-inoxydable","status":"publish","type":"product","link":"https:\/\/test.sunday.ma\/index.php\/product\/machine-manuelle-de-fabrication-de-pates-en-acier-inoxydable\/","title":{"rendered":"Machine \u00e0 p\u00e2tes &#8211; Pr\u00e9paration Chebakia &#038; Noodle"},"content":{"rendered":"","protected":false},"excerpt":{"rendered":"<p>Maintenant, vous pouvez faire la fabrication de diff\u00e9rentes sortes de p\u00e2tes,spaghetti,lasagne,et tagliatelle<br \/>\nIl est \u00e9galement facile \u00e0 nettoyer.<br \/>\nAccessoire indispensable pour .Id\u00e9ale \u00e9galement pour la pr\u00e9paration de la p\u00e2te \u00e0 chebakiya<\/p>\n","protected":false},"featured_media":6133,"comment_status":"open","ping_status":"closed","template":"","meta":[],"product_cat":[81,126,94],"product_tag":[],"_links":{"self":[{"href":"https:\/\/test.sunday.ma\/index.php\/wp-json\/wp\/v2\/product\/6132"}],"collection":[{"href":"https:\/\/test.sunday.ma\/index.php\/wp-json\/wp\/v2\/product"}],"about":[{"href":"https:\/\/test.sunday.ma\/index.php\/wp-json\/wp\/v2\/types\/product"}],"replies":[{"embeddable":true,"href":"https:\/\/test.sunday.ma\/index.php\/wp-json\/wp\/v2\/comments?post=6132"}],"wp:featuredmedia":[{"embeddable":true,"href":"https:\/\/test.sunday.ma\/index.php\/wp-json\/wp\/v2\/media\/6133"}],"wp:attachment":[{"href":"https:\/\/test.sunday.ma\/index.php\/wp-json\/wp\/v2\/media?parent=6132"}],"wp:term":[{"taxonomy":"product_cat","embeddable":true,"href":"https:\/\/test.sunday.ma\/index.php\/wp-json\/wp\/v2\/product_cat?post=6132"},{"taxonomy":"product_tag","embeddable":true,"href":"https:\/\/test.sunday.ma\/index.php\/wp-json\/wp\/v2\/product_tag?post=6132"}],"curies":[{"name":"wp","href":"https:\/\/api.w.org\/{rel}","templated":true}]}}