{"id":5607,"date":"2021-12-11T23:45:52","date_gmt":"2021-12-11T23:45:52","guid":{"rendered":"https:\/\/test.sunday.ma\/?post_type=product&#038;p=5607"},"modified":"2023-12-11T09:50:15","modified_gmt":"2023-12-11T09:50:15","slug":"carafe-avec-poignee-et-couvercle-liege","status":"publish","type":"product","link":"https:\/\/test.sunday.ma\/index.php\/product\/carafe-avec-poignee-et-couvercle-liege\/","title":{"rendered":"Carafe avec Poign\u00e9e et couvercle li\u00e8ge 1500ml"},"content":{"rendered":"","protected":false},"excerpt":{"rendered":"<p>Notre lanceur verre 1,5L peut \u00eatre largement utilis\u00e9 dans l&#8217;eau chaude, eau glac\u00e9e, jus, lait, etc., peut mettre citron, fleur de th\u00e9, th\u00e9, propre dans le pot faire des boissons.<\/p>\n","protected":false},"featured_media":5608,"comment_status":"open","ping_status":"closed","template":"","meta":[],"product_cat":[123,117,125],"product_tag":[],"_links":{"self":[{"href":"https:\/\/test.sunday.ma\/index.php\/wp-json\/wp\/v2\/product\/5607"}],"collection":[{"href":"https:\/\/test.sunday.ma\/index.php\/wp-json\/wp\/v2\/product"}],"about":[{"href":"https:\/\/test.sunday.ma\/index.php\/wp-json\/wp\/v2\/types\/product"}],"replies":[{"embeddable":true,"href":"https:\/\/test.sunday.ma\/index.php\/wp-json\/wp\/v2\/comments?post=5607"}],"wp:featuredmedia":[{"embeddable":true,"href":"https:\/\/test.sunday.ma\/index.php\/wp-json\/wp\/v2\/media\/5608"}],"wp:attachment":[{"href":"https:\/\/test.sunday.ma\/index.php\/wp-json\/wp\/v2\/media?parent=5607"}],"wp:term":[{"taxonomy":"product_cat","embeddable":true,"href":"https:\/\/test.sunday.ma\/index.php\/wp-json\/wp\/v2\/product_cat?post=5607"},{"taxonomy":"product_tag","embeddable":true,"href":"https:\/\/test.sunday.ma\/index.php\/wp-json\/wp\/v2\/product_tag?post=5607"}],"curies":[{"name":"wp","href":"https:\/\/api.w.org\/{rel}","templated":true}]}}