{"id":5280,"date":"2021-11-28T18:38:47","date_gmt":"2021-11-28T18:38:47","guid":{"rendered":"https:\/\/test.sunday.ma\/?post_type=product&#038;p=5280"},"modified":"2023-12-11T09:50:14","modified_gmt":"2023-12-11T09:50:14","slug":"lot-de-4-bocaux-de-conservation-en-verre-transparent-avec-bouchon-en-liege","status":"publish","type":"product","link":"https:\/\/test.sunday.ma\/index.php\/product\/lot-de-4-bocaux-de-conservation-en-verre-transparent-avec-bouchon-en-liege\/","title":{"rendered":"Lot de 4 bocaux de conservation en verre transparent avec bouchon en li\u00e8ge"},"content":{"rendered":"","protected":false},"excerpt":{"rendered":"<p>\u2705 CONSERVEZ LA NOURRITURE AVEC \u00c9L\u00c9GANCE &#8211; D\u00e9sencombrer votre cuisine avec notre magnifique organisateur en verre. Son couvercle en bambou et son verre transparent sont parfaits pour les cuisines modernes ou rustiques.<\/p>\n","protected":false},"featured_media":5605,"comment_status":"open","ping_status":"closed","template":"","meta":[],"product_cat":[89],"product_tag":[],"_links":{"self":[{"href":"https:\/\/test.sunday.ma\/index.php\/wp-json\/wp\/v2\/product\/5280"}],"collection":[{"href":"https:\/\/test.sunday.ma\/index.php\/wp-json\/wp\/v2\/product"}],"about":[{"href":"https:\/\/test.sunday.ma\/index.php\/wp-json\/wp\/v2\/types\/product"}],"replies":[{"embeddable":true,"href":"https:\/\/test.sunday.ma\/index.php\/wp-json\/wp\/v2\/comments?post=5280"}],"wp:featuredmedia":[{"embeddable":true,"href":"https:\/\/test.sunday.ma\/index.php\/wp-json\/wp\/v2\/media\/5605"}],"wp:attachment":[{"href":"https:\/\/test.sunday.ma\/index.php\/wp-json\/wp\/v2\/media?parent=5280"}],"wp:term":[{"taxonomy":"product_cat","embeddable":true,"href":"https:\/\/test.sunday.ma\/index.php\/wp-json\/wp\/v2\/product_cat?post=5280"},{"taxonomy":"product_tag","embeddable":true,"href":"https:\/\/test.sunday.ma\/index.php\/wp-json\/wp\/v2\/product_tag?post=5280"}],"curies":[{"name":"wp","href":"https:\/\/api.w.org\/{rel}","templated":true}]}}