{"id":3518,"date":"2021-11-18T16:09:09","date_gmt":"2021-11-18T16:09:09","guid":{"rendered":"https:\/\/test.sunday.ma\/?post_type=product&#038;p=3518"},"modified":"2023-12-11T09:50:12","modified_gmt":"2023-12-11T09:50:12","slug":"bocal-800ml","status":"publish","type":"product","link":"https:\/\/test.sunday.ma\/index.php\/product\/bocal-800ml\/","title":{"rendered":"Bocal en verre sans plomb avec couvercle 800mL"},"content":{"rendered":"","protected":false},"excerpt":{"rendered":"<p>Bocal 800ml en verre avec couvercle pour y mettre du sucre, th\u00e9, caf\u00e9 ou vos tisanes. Il peut m\u00eame \u00eatre utilis\u00e9 comme carafe pour servir des jus<\/p>\n","protected":false},"featured_media":5599,"comment_status":"open","ping_status":"closed","template":"","meta":[],"product_cat":[89],"product_tag":[],"_links":{"self":[{"href":"https:\/\/test.sunday.ma\/index.php\/wp-json\/wp\/v2\/product\/3518"}],"collection":[{"href":"https:\/\/test.sunday.ma\/index.php\/wp-json\/wp\/v2\/product"}],"about":[{"href":"https:\/\/test.sunday.ma\/index.php\/wp-json\/wp\/v2\/types\/product"}],"replies":[{"embeddable":true,"href":"https:\/\/test.sunday.ma\/index.php\/wp-json\/wp\/v2\/comments?post=3518"}],"wp:featuredmedia":[{"embeddable":true,"href":"https:\/\/test.sunday.ma\/index.php\/wp-json\/wp\/v2\/media\/5599"}],"wp:attachment":[{"href":"https:\/\/test.sunday.ma\/index.php\/wp-json\/wp\/v2\/media?parent=3518"}],"wp:term":[{"taxonomy":"product_cat","embeddable":true,"href":"https:\/\/test.sunday.ma\/index.php\/wp-json\/wp\/v2\/product_cat?post=3518"},{"taxonomy":"product_tag","embeddable":true,"href":"https:\/\/test.sunday.ma\/index.php\/wp-json\/wp\/v2\/product_tag?post=3518"}],"curies":[{"name":"wp","href":"https:\/\/api.w.org\/{rel}","templated":true}]}}