{"id":3160,"date":"2021-11-18T16:06:09","date_gmt":"2021-11-18T16:06:09","guid":{"rendered":"https:\/\/test.sunday.ma\/?post_type=product&#038;p=3160"},"modified":"2023-12-11T09:50:10","modified_gmt":"2023-12-11T09:50:10","slug":"verre-double-paroi-250-ml","status":"publish","type":"product","link":"https:\/\/test.sunday.ma\/index.php\/product\/verre-double-paroi-250-ml\/","title":{"rendered":"1 Verre double paroi 250 ml"},"content":{"rendered":"<ul>\n<li><strong>Mati\u00e8re : Verre<\/strong><\/li>\n<li><strong>Capacit\u00e9 : 250 ml<\/strong><\/li>\n<li><strong>R\u00e9sistant \u00e0 la chaleur<\/strong><\/li>\n<li><strong>Passe au micro-ondes et au lave-vaisselle<\/strong><\/li>\n<\/ul>\n","protected":false},"excerpt":{"rendered":"<p>Verres\u00a0 Double Paroi 250ml , \u00e9l\u00e9gant et design. Ces verres \u00e0 double paroi sont l\u00e9gers, durables et robustes D\u2019une contenance de 250 ml, ils sont parfaits pour servir vos boissons tels que cappuccino, smoothie, eau detox, mojito,\u2026 mais conviennent \u00e9galement pour le dressage de vos plats, de l\u2019entr\u00e9e au dessert !<\/p>\n","protected":false},"featured_media":5590,"comment_status":"open","ping_status":"closed","template":"","meta":[],"product_cat":[120],"product_tag":[],"_links":{"self":[{"href":"https:\/\/test.sunday.ma\/index.php\/wp-json\/wp\/v2\/product\/3160"}],"collection":[{"href":"https:\/\/test.sunday.ma\/index.php\/wp-json\/wp\/v2\/product"}],"about":[{"href":"https:\/\/test.sunday.ma\/index.php\/wp-json\/wp\/v2\/types\/product"}],"replies":[{"embeddable":true,"href":"https:\/\/test.sunday.ma\/index.php\/wp-json\/wp\/v2\/comments?post=3160"}],"wp:featuredmedia":[{"embeddable":true,"href":"https:\/\/test.sunday.ma\/index.php\/wp-json\/wp\/v2\/media\/5590"}],"wp:attachment":[{"href":"https:\/\/test.sunday.ma\/index.php\/wp-json\/wp\/v2\/media?parent=3160"}],"wp:term":[{"taxonomy":"product_cat","embeddable":true,"href":"https:\/\/test.sunday.ma\/index.php\/wp-json\/wp\/v2\/product_cat?post=3160"},{"taxonomy":"product_tag","embeddable":true,"href":"https:\/\/test.sunday.ma\/index.php\/wp-json\/wp\/v2\/product_tag?post=3160"}],"curies":[{"name":"wp","href":"https:\/\/api.w.org\/{rel}","templated":true}]}}